{"id":1083,"date":"2023-02-15T21:39:34","date_gmt":"2023-02-15T21:39:34","guid":{"rendered":"https:\/\/localhost:10043\/?page_id=1083"},"modified":"2025-05-17T00:25:20","modified_gmt":"2025-05-17T00:25:20","slug":"video-gallery","status":"publish","type":"page","link":"https:\/\/thebrando.com\/fr\/video-gallery\/","title":{"rendered":"galerie vid\u00e9os"},"content":{"rendered":"<section class=\"simple-content-block\" >\n    <div class=\"wrapper\">\n\n                <div class=\"simple-content-wrap\"\n             style=\"max-width:600px; padding-top: 60px; padding-bottom: 60px;\">\n\n            <h3 style=\"text-align: center\">galerie vid\u00e9os<\/h3>\n        <\/div>\n\n    <\/div>\n\n<\/section>\n\n<section class=\"video-popup-block\">\n    <script src=\"https:\/\/thebrando.com\/wp-content\/themes\/thebrando\/js\/jquery-modal-video.js\"><\/script>\n    <script>\n        jQuery( document ).ready(function($) {\n            $(\".js-video-button\").modalVideo({channel:'vimeo'});\n        });\n    <\/script>\n\n    <div class=\"wrapper small\">\n        <div class=\"flex_container flex_two\">\n\n                    <\/div>\n\n    <\/div>\n\n<\/section>","protected":false},"excerpt":{"rendered":"","protected":false},"author":1,"featured_media":0,"parent":0,"menu_order":0,"comment_status":"closed","ping_status":"closed","template":"","meta":{"_acf_changed":true,"footnotes":""},"folder":[],"class_list":["post-1083","page","type-page","status-publish","hentry"],"acf":[],"yoast_head":"<!-- This site is optimized with the Yoast SEO plugin v27.3 - https:\/\/yoast.com\/product\/yoast-seo-wordpress\/ -->\n<title>Tahiti All Inclusive Resort | Video Gallery | Tahiti Beach Resort<\/title>\n<meta name=\"description\" content=\"See videos of The Brando, our Tahitian all-inclusive resort. Visit our renowned Tahitian beach resort and escape to a quiet place living in harmony with nature.\" \/>\n<meta name=\"robots\" content=\"index, follow, max-snippet:-1, max-image-preview:large, max-video-preview:-1\" \/>\n<link rel=\"canonical\" href=\"https:\/\/thebrando.com\/fr\/video-gallery\/\" \/>\n<meta property=\"og:locale\" content=\"fr_FR\" \/>\n<meta property=\"og:type\" content=\"article\" \/>\n<meta property=\"og:title\" content=\"Tahiti All Inclusive Resort | Video Gallery | Tahiti Beach Resort\" \/>\n<meta property=\"og:description\" content=\"See videos of The Brando, our Tahitian all-inclusive resort. Visit our renowned Tahitian beach resort and escape to a quiet place living in harmony with nature.\" \/>\n<meta property=\"og:url\" content=\"https:\/\/thebrando.com\/fr\/video-gallery\/\" \/>\n<meta property=\"og:site_name\" content=\"The Brando\" \/>\n<meta property=\"article:modified_time\" content=\"2025-05-17T00:25:20+00:00\" \/>\n<meta name=\"twitter:card\" content=\"summary_large_image\" \/>\n<script type=\"application\/ld+json\" class=\"yoast-schema-graph\">{\"@context\":\"https:\\\/\\\/schema.org\",\"@graph\":[{\"@type\":\"WebPage\",\"@id\":\"https:\\\/\\\/thebrando.com\\\/video-gallery\\\/\",\"url\":\"https:\\\/\\\/thebrando.com\\\/video-gallery\\\/\",\"name\":\"Tahiti All Inclusive Resort | Video Gallery | Tahiti Beach Resort\",\"isPartOf\":{\"@id\":\"https:\\\/\\\/thebrando.com\\\/#website\"},\"datePublished\":\"2023-02-15T21:39:34+00:00\",\"dateModified\":\"2025-05-17T00:25:20+00:00\",\"description\":\"See videos of The Brando, our Tahitian all-inclusive resort. Visit our renowned Tahitian beach resort and escape to a quiet place living in harmony with nature.\",\"breadcrumb\":{\"@id\":\"https:\\\/\\\/thebrando.com\\\/video-gallery\\\/#breadcrumb\"},\"inLanguage\":\"fr-FR\",\"potentialAction\":[{\"@type\":\"ReadAction\",\"target\":[\"https:\\\/\\\/thebrando.com\\\/video-gallery\\\/\"]}]},{\"@type\":\"BreadcrumbList\",\"@id\":\"https:\\\/\\\/thebrando.com\\\/video-gallery\\\/#breadcrumb\",\"itemListElement\":[{\"@type\":\"ListItem\",\"position\":1,\"name\":\"Home\",\"item\":\"https:\\\/\\\/thebrando.com\\\/\"},{\"@type\":\"ListItem\",\"position\":2,\"name\":\"Video Gallery\"}]},{\"@type\":\"WebSite\",\"@id\":\"https:\\\/\\\/thebrando.com\\\/#website\",\"url\":\"https:\\\/\\\/thebrando.com\\\/\",\"name\":\"The Brando\",\"description\":\"Luxury Resort in French Polynesia\",\"potentialAction\":[{\"@type\":\"SearchAction\",\"target\":{\"@type\":\"EntryPoint\",\"urlTemplate\":\"https:\\\/\\\/thebrando.com\\\/?s={search_term_string}\"},\"query-input\":{\"@type\":\"PropertyValueSpecification\",\"valueRequired\":true,\"valueName\":\"search_term_string\"}}],\"inLanguage\":\"fr-FR\"}]}<\/script>\n<!-- \/ Yoast SEO plugin. -->","yoast_head_json":{"title":"Tahiti All Inclusive Resort | Video Gallery | Tahiti Beach Resort","description":"Voir les vid\u00e9os de The Brando, notre h\u00f4tel tout compris \u00e0 Tahiti. Visitez notre c\u00e9l\u00e8bre station baln\u00e9aire tahitienne et \u00e9vadez-vous dans un endroit calme o\u00f9 vous vivrez en harmonie avec la nature.","robots":{"index":"index","follow":"follow","max-snippet":"max-snippet:-1","max-image-preview":"max-image-preview:large","max-video-preview":"max-video-preview:-1"},"canonical":"https:\/\/thebrando.com\/fr\/video-gallery\/","og_locale":"fr_FR","og_type":"article","og_title":"Tahiti All Inclusive Resort | Video Gallery | Tahiti Beach Resort","og_description":"See videos of The Brando, our Tahitian all-inclusive resort. Visit our renowned Tahitian beach resort and escape to a quiet place living in harmony with nature.","og_url":"https:\/\/thebrando.com\/fr\/video-gallery\/","og_site_name":"The Brando","article_modified_time":"2025-05-17T00:25:20+00:00","twitter_card":"summary_large_image","schema":{"@context":"https:\/\/schema.org","@graph":[{"@type":"WebPage","@id":"https:\/\/thebrando.com\/video-gallery\/","url":"https:\/\/thebrando.com\/video-gallery\/","name":"Tahiti All Inclusive Resort | Video Gallery | Tahiti Beach Resort","isPartOf":{"@id":"https:\/\/thebrando.com\/#website"},"datePublished":"2023-02-15T21:39:34+00:00","dateModified":"2025-05-17T00:25:20+00:00","description":"Voir les vid\u00e9os de The Brando, notre h\u00f4tel tout compris \u00e0 Tahiti. Visitez notre c\u00e9l\u00e8bre station baln\u00e9aire tahitienne et \u00e9vadez-vous dans un endroit calme o\u00f9 vous vivrez en harmonie avec la nature.","breadcrumb":{"@id":"https:\/\/thebrando.com\/video-gallery\/#breadcrumb"},"inLanguage":"fr-FR","potentialAction":[{"@type":"ReadAction","target":["https:\/\/thebrando.com\/video-gallery\/"]}]},{"@type":"BreadcrumbList","@id":"https:\/\/thebrando.com\/video-gallery\/#breadcrumb","itemListElement":[{"@type":"ListItem","position":1,"name":"Home","item":"https:\/\/thebrando.com\/"},{"@type":"ListItem","position":2,"name":"Video Gallery"}]},{"@type":"WebSite","@id":"https:\/\/thebrando.com\/#website","url":"https:\/\/thebrando.com\/","name":"Le Brandon","description":"Resort de luxe en Polyn\u00e9sie fran\u00e7aise","potentialAction":[{"@type":"SearchAction","target":{"@type":"EntryPoint","urlTemplate":"https:\/\/thebrando.com\/?s={search_term_string}"},"query-input":{"@type":"PropertyValueSpecification","valueRequired":true,"valueName":"search_term_string"}}],"inLanguage":"fr-FR"}]}},"featured_image_src":null,"featured_image_src_square":null,"_links":{"self":[{"href":"https:\/\/thebrando.com\/fr\/wp-json\/wp\/v2\/pages\/1083","targetHints":{"allow":["GET"]}}],"collection":[{"href":"https:\/\/thebrando.com\/fr\/wp-json\/wp\/v2\/pages"}],"about":[{"href":"https:\/\/thebrando.com\/fr\/wp-json\/wp\/v2\/types\/page"}],"author":[{"embeddable":true,"href":"https:\/\/thebrando.com\/fr\/wp-json\/wp\/v2\/users\/1"}],"replies":[{"embeddable":true,"href":"https:\/\/thebrando.com\/fr\/wp-json\/wp\/v2\/comments?post=1083"}],"version-history":[{"count":0,"href":"https:\/\/thebrando.com\/fr\/wp-json\/wp\/v2\/pages\/1083\/revisions"}],"wp:attachment":[{"href":"https:\/\/thebrando.com\/fr\/wp-json\/wp\/v2\/media?parent=1083"}],"wp:term":[{"taxonomy":"folder","embeddable":true,"href":"https:\/\/thebrando.com\/fr\/wp-json\/wp\/v2\/folder?post=1083"}],"curies":[{"name":"wp","href":"https:\/\/api.w.org\/{rel}","templated":true}]}}