{"id":1373,"date":"2023-02-17T17:51:28","date_gmt":"2023-02-17T17:51:28","guid":{"rendered":"https:\/\/thebrando.com\/?page_id=1373"},"modified":"2024-01-25T18:05:45","modified_gmt":"2024-01-25T18:05:45","slug":"newsletter","status":"publish","type":"page","link":"https:\/\/thebrando.com\/fr\/newsletter\/","title":{"rendered":"Bulletin"},"content":{"rendered":"<section class=\"simple-content-block\" >\n    <div class=\"wrapper\">\n\n                <div class=\"simple-content-wrap\"\n             style=\"max-width:650px; padding-top: 60px; padding-bottom: 60px;\">\n\n            <h3 style=\"text-align: center\">Bulletin<\/h3>\r\n<h2 style=\"text-align: center\">Restez connect\u00e9 \u00e0 Tetiaroa o\u00f9 que vous soyez<\/h2>\r\n<p style=\"text-align: center\">Notre newsletter contient les derni\u00e8res nouvelles, mises \u00e0 jour et \u00e9v\u00e9nements de la station et de l&#039;atoll. Si vous avez visit\u00e9 Tetiaroa, alors vous faites partie de notre famille, de notre voyage et de notre avenir.<\/p>\n        <\/div>\n\n    <\/div>\n\n<\/section>","protected":false},"excerpt":{"rendered":"","protected":false},"author":1,"featured_media":0,"parent":0,"menu_order":0,"comment_status":"closed","ping_status":"closed","template":"template-pages\/newsletter-page.php","meta":{"_acf_changed":false,"footnotes":""},"folder":[],"class_list":["post-1373","page","type-page","status-publish","hentry"],"acf":[],"yoast_head":"<!-- This site is optimized with the Yoast SEO plugin v27.3 - https:\/\/yoast.com\/product\/yoast-seo-wordpress\/ -->\n<title>All Inclusive Tahiti Resort | The Brando Newsletter | Tahiti Hotel<\/title>\n<meta name=\"description\" content=\"Sign up for The Brando&#039;s newsletter and explore the latest news, updates and events from our all inclusive Tahiti resort and the enchanting atoll of Tetiaroa.\" \/>\n<meta name=\"robots\" content=\"index, follow, max-snippet:-1, max-image-preview:large, max-video-preview:-1\" \/>\n<link rel=\"canonical\" href=\"https:\/\/thebrando.com\/fr\/newsletter\/\" \/>\n<meta property=\"og:locale\" content=\"fr_FR\" \/>\n<meta property=\"og:type\" content=\"article\" \/>\n<meta property=\"og:title\" content=\"All Inclusive Tahiti Resort | The Brando Newsletter | Tahiti Hotel\" \/>\n<meta property=\"og:description\" content=\"Sign up for The Brando&#039;s newsletter and explore the latest news, updates and events from our all inclusive Tahiti resort and the enchanting atoll of Tetiaroa.\" \/>\n<meta property=\"og:url\" content=\"https:\/\/thebrando.com\/fr\/newsletter\/\" \/>\n<meta property=\"og:site_name\" content=\"The Brando\" \/>\n<meta property=\"article:modified_time\" content=\"2024-01-25T18:05:45+00:00\" \/>\n<meta name=\"twitter:card\" content=\"summary_large_image\" \/>\n<script type=\"application\/ld+json\" class=\"yoast-schema-graph\">{\"@context\":\"https:\\\/\\\/schema.org\",\"@graph\":[{\"@type\":\"WebPage\",\"@id\":\"https:\\\/\\\/thebrando.com\\\/newsletter\\\/\",\"url\":\"https:\\\/\\\/thebrando.com\\\/newsletter\\\/\",\"name\":\"All Inclusive Tahiti Resort | The Brando Newsletter | Tahiti Hotel\",\"isPartOf\":{\"@id\":\"https:\\\/\\\/thebrando.com\\\/#website\"},\"datePublished\":\"2023-02-17T17:51:28+00:00\",\"dateModified\":\"2024-01-25T18:05:45+00:00\",\"description\":\"Sign up for The Brando's newsletter and explore the latest news, updates and events from our all inclusive Tahiti resort and the enchanting atoll of Tetiaroa.\",\"breadcrumb\":{\"@id\":\"https:\\\/\\\/thebrando.com\\\/newsletter\\\/#breadcrumb\"},\"inLanguage\":\"fr-FR\",\"potentialAction\":[{\"@type\":\"ReadAction\",\"target\":[\"https:\\\/\\\/thebrando.com\\\/newsletter\\\/\"]}]},{\"@type\":\"BreadcrumbList\",\"@id\":\"https:\\\/\\\/thebrando.com\\\/newsletter\\\/#breadcrumb\",\"itemListElement\":[{\"@type\":\"ListItem\",\"position\":1,\"name\":\"Home\",\"item\":\"https:\\\/\\\/thebrando.com\\\/\"},{\"@type\":\"ListItem\",\"position\":2,\"name\":\"Newsletter\"}]},{\"@type\":\"WebSite\",\"@id\":\"https:\\\/\\\/thebrando.com\\\/#website\",\"url\":\"https:\\\/\\\/thebrando.com\\\/\",\"name\":\"The Brando\",\"description\":\"Luxury Resort in French Polynesia\",\"potentialAction\":[{\"@type\":\"SearchAction\",\"target\":{\"@type\":\"EntryPoint\",\"urlTemplate\":\"https:\\\/\\\/thebrando.com\\\/?s={search_term_string}\"},\"query-input\":{\"@type\":\"PropertyValueSpecification\",\"valueRequired\":true,\"valueName\":\"search_term_string\"}}],\"inLanguage\":\"fr-FR\"}]}<\/script>\n<!-- \/ Yoast SEO plugin. -->","yoast_head_json":{"title":"All Inclusive Tahiti Resort | The Brando Newsletter | Tahiti Hotel","description":"Sign up for The Brando's newsletter and explore the latest news, updates and events from our all inclusive Tahiti resort and the enchanting atoll of Tetiaroa.","robots":{"index":"index","follow":"follow","max-snippet":"max-snippet:-1","max-image-preview":"max-image-preview:large","max-video-preview":"max-video-preview:-1"},"canonical":"https:\/\/thebrando.com\/fr\/newsletter\/","og_locale":"fr_FR","og_type":"article","og_title":"All Inclusive Tahiti Resort | The Brando Newsletter | Tahiti Hotel","og_description":"Sign up for The Brando's newsletter and explore the latest news, updates and events from our all inclusive Tahiti resort and the enchanting atoll of Tetiaroa.","og_url":"https:\/\/thebrando.com\/fr\/newsletter\/","og_site_name":"The Brando","article_modified_time":"2024-01-25T18:05:45+00:00","twitter_card":"summary_large_image","schema":{"@context":"https:\/\/schema.org","@graph":[{"@type":"WebPage","@id":"https:\/\/thebrando.com\/newsletter\/","url":"https:\/\/thebrando.com\/newsletter\/","name":"All Inclusive Tahiti Resort | The Brando Newsletter | Tahiti Hotel","isPartOf":{"@id":"https:\/\/thebrando.com\/#website"},"datePublished":"2023-02-17T17:51:28+00:00","dateModified":"2024-01-25T18:05:45+00:00","description":"Sign up for The Brando's newsletter and explore the latest news, updates and events from our all inclusive Tahiti resort and the enchanting atoll of Tetiaroa.","breadcrumb":{"@id":"https:\/\/thebrando.com\/newsletter\/#breadcrumb"},"inLanguage":"fr-FR","potentialAction":[{"@type":"ReadAction","target":["https:\/\/thebrando.com\/newsletter\/"]}]},{"@type":"BreadcrumbList","@id":"https:\/\/thebrando.com\/newsletter\/#breadcrumb","itemListElement":[{"@type":"ListItem","position":1,"name":"Home","item":"https:\/\/thebrando.com\/"},{"@type":"ListItem","position":2,"name":"Newsletter"}]},{"@type":"WebSite","@id":"https:\/\/thebrando.com\/#website","url":"https:\/\/thebrando.com\/","name":"Le Brandon","description":"Resort de luxe en Polyn\u00e9sie fran\u00e7aise","potentialAction":[{"@type":"SearchAction","target":{"@type":"EntryPoint","urlTemplate":"https:\/\/thebrando.com\/?s={search_term_string}"},"query-input":{"@type":"PropertyValueSpecification","valueRequired":true,"valueName":"search_term_string"}}],"inLanguage":"fr-FR"}]}},"featured_image_src":null,"featured_image_src_square":null,"_links":{"self":[{"href":"https:\/\/thebrando.com\/fr\/wp-json\/wp\/v2\/pages\/1373","targetHints":{"allow":["GET"]}}],"collection":[{"href":"https:\/\/thebrando.com\/fr\/wp-json\/wp\/v2\/pages"}],"about":[{"href":"https:\/\/thebrando.com\/fr\/wp-json\/wp\/v2\/types\/page"}],"author":[{"embeddable":true,"href":"https:\/\/thebrando.com\/fr\/wp-json\/wp\/v2\/users\/1"}],"replies":[{"embeddable":true,"href":"https:\/\/thebrando.com\/fr\/wp-json\/wp\/v2\/comments?post=1373"}],"version-history":[{"count":0,"href":"https:\/\/thebrando.com\/fr\/wp-json\/wp\/v2\/pages\/1373\/revisions"}],"wp:attachment":[{"href":"https:\/\/thebrando.com\/fr\/wp-json\/wp\/v2\/media?parent=1373"}],"wp:term":[{"taxonomy":"folder","embeddable":true,"href":"https:\/\/thebrando.com\/fr\/wp-json\/wp\/v2\/folder?post=1373"}],"curies":[{"name":"wp","href":"https:\/\/api.w.org\/{rel}","templated":true}]}}