{"id":1482,"date":"2023-02-18T21:44:27","date_gmt":"2023-02-18T21:44:27","guid":{"rendered":"https:\/\/thebrando.com\/?page_id=1482"},"modified":"2024-03-19T15:42:45","modified_gmt":"2024-03-19T15:42:45","slug":"legal-notice","status":"publish","type":"page","link":"https:\/\/thebrando.com\/fr\/legal-notice\/","title":{"rendered":"Mentions l\u00e9gales"},"content":{"rendered":"<h3 class=\"wp-block-heading\"><strong>\u00c9diteur de sites<\/strong><\/h3>\n\n\n\n<p>Ce site est \u00e9dit\u00e9 par Beachcomber Tahiti SAS :<\/p>\n\n\n\n<p>\u2022 N\u00b0Tahiti : E29718<\/p>\n\n\n\n<h3 class=\"wp-block-heading\"><strong>Si\u00e8ge social:<\/strong><\/h3>\n\n\n\n<p>The Brando \u2013 Teti&#039;aroa Private Island, Arue Tahiti, BP 6014 Faa&#039;a, 98702 Tahiti, Polyn\u00e9sie fran\u00e7aise<\/p>\n\n\n\n<p>T\u00e9l\u00e9phone : +689 40 866 300<\/p>\n\n\n\n<p>E-mail : <a href=\"mailto:info@thebrando.com\">info@thebrando.com<\/a><\/p>\n\n\n\n<p>Directrice de la publication : Mme Val\u00e9rie Gachon, Directrice G\u00e9n\u00e9rale<\/p>\n\n\n\n<h3 class=\"wp-block-heading\"><strong>Site de developpement<\/strong><\/h3>\n\n\n\n<p>Le site a \u00e9t\u00e9 cr\u00e9\u00e9 par Bread &amp; Milk, <a href=\"https:\/\/breadandmilk.com\/\">https:\/\/breadandmilk.com\/<\/a><\/p>\n\n\n\n<h3 class=\"wp-block-heading\"><strong>H\u00e9bergement Web<\/strong><\/h3>\n\n\n\n<p>L&#039;h\u00e9bergement Web est fourni par WP Engine Inc., Upper Cecil Street, Limerick, Irlande, V94 TN32<\/p>\n\n\n\n<p>Site Internet: <a href=\"https:\/\/wpengine.com\/\">https:\/\/wpengine.com\/<\/a><\/p>","protected":false},"excerpt":{"rendered":"<p>Editeur du site Ce site est \u00e9dit\u00e9 par Beachcomber Tahiti SAS : \u2022 N\u00b0Tahiti : E29718 Si\u00e8ge social : The Brando \u2013 Teti&#039;aroa Private Island, Arue Tahiti, PO Box 6014 Faa&#039;a, 98702 Tahiti, Polyn\u00e9sie Fran\u00e7aise Num\u00e9ro de t\u00e9l\u00e9phone : +689 40 866 300 E-mail : info@thebrando.com Directrice de la publication : Mme Val\u00e9rie Gachon, Directrice G\u00e9n\u00e9rale D\u00e9veloppement du site Le site a \u00e9t\u00e9 [\u2026]<\/p>","protected":false},"author":1,"featured_media":0,"parent":0,"menu_order":0,"comment_status":"closed","ping_status":"closed","template":"template-pages\/brando-blank-page.php","meta":{"_acf_changed":false,"footnotes":""},"folder":[],"class_list":["post-1482","page","type-page","status-publish","hentry"],"acf":[],"yoast_head":"<!-- This site is optimized with the Yoast SEO plugin v27.3 - https:\/\/yoast.com\/product\/yoast-seo-wordpress\/ -->\n<title>The Brando Resort | Legal Notice | Tetiaroa Private Island<\/title>\n<meta name=\"description\" content=\"Read through legal details about The Brando resort, including website contributors, the location of our head office on the Tetiaroa private island, and more.\" \/>\n<meta name=\"robots\" content=\"index, follow, max-snippet:-1, max-image-preview:large, max-video-preview:-1\" \/>\n<link rel=\"canonical\" href=\"https:\/\/thebrando.com\/fr\/legal-notice\/\" \/>\n<meta property=\"og:locale\" content=\"fr_FR\" \/>\n<meta property=\"og:type\" content=\"article\" \/>\n<meta property=\"og:title\" content=\"The Brando Resort | Legal Notice | Tetiaroa Private Island\" \/>\n<meta property=\"og:description\" content=\"Read through legal details about The Brando resort, including website contributors, the location of our head office on the Tetiaroa private island, and more.\" \/>\n<meta property=\"og:url\" content=\"https:\/\/thebrando.com\/fr\/legal-notice\/\" \/>\n<meta property=\"og:site_name\" content=\"The Brando\" \/>\n<meta property=\"article:modified_time\" content=\"2024-03-19T15:42:45+00:00\" \/>\n<meta name=\"twitter:card\" content=\"summary_large_image\" \/>\n<meta name=\"twitter:label1\" content=\"Dur\u00e9e de lecture estim\u00e9e\" \/>\n\t<meta name=\"twitter:data1\" content=\"1 minute\" \/>\n<script type=\"application\/ld+json\" class=\"yoast-schema-graph\">{\"@context\":\"https:\\\/\\\/schema.org\",\"@graph\":[{\"@type\":\"WebPage\",\"@id\":\"https:\\\/\\\/thebrando.com\\\/legal-notice\\\/\",\"url\":\"https:\\\/\\\/thebrando.com\\\/legal-notice\\\/\",\"name\":\"The Brando Resort | Legal Notice | Tetiaroa Private Island\",\"isPartOf\":{\"@id\":\"https:\\\/\\\/thebrando.com\\\/#website\"},\"datePublished\":\"2023-02-18T21:44:27+00:00\",\"dateModified\":\"2024-03-19T15:42:45+00:00\",\"description\":\"Read through legal details about The Brando resort, including website contributors, the location of our head office on the Tetiaroa private island, and more.\",\"breadcrumb\":{\"@id\":\"https:\\\/\\\/thebrando.com\\\/legal-notice\\\/#breadcrumb\"},\"inLanguage\":\"fr-FR\",\"potentialAction\":[{\"@type\":\"ReadAction\",\"target\":[\"https:\\\/\\\/thebrando.com\\\/legal-notice\\\/\"]}]},{\"@type\":\"BreadcrumbList\",\"@id\":\"https:\\\/\\\/thebrando.com\\\/legal-notice\\\/#breadcrumb\",\"itemListElement\":[{\"@type\":\"ListItem\",\"position\":1,\"name\":\"Home\",\"item\":\"https:\\\/\\\/thebrando.com\\\/\"},{\"@type\":\"ListItem\",\"position\":2,\"name\":\"Legal Notice\"}]},{\"@type\":\"WebSite\",\"@id\":\"https:\\\/\\\/thebrando.com\\\/#website\",\"url\":\"https:\\\/\\\/thebrando.com\\\/\",\"name\":\"The Brando\",\"description\":\"Luxury Resort in French Polynesia\",\"potentialAction\":[{\"@type\":\"SearchAction\",\"target\":{\"@type\":\"EntryPoint\",\"urlTemplate\":\"https:\\\/\\\/thebrando.com\\\/?s={search_term_string}\"},\"query-input\":{\"@type\":\"PropertyValueSpecification\",\"valueRequired\":true,\"valueName\":\"search_term_string\"}}],\"inLanguage\":\"fr-FR\"}]}<\/script>\n<!-- \/ Yoast SEO plugin. -->","yoast_head_json":{"title":"The Brando Resort | Legal Notice | Tetiaroa Private Island","description":"Read through legal details about The Brando resort, including website contributors, the location of our head office on the Tetiaroa private island, and more.","robots":{"index":"index","follow":"follow","max-snippet":"max-snippet:-1","max-image-preview":"max-image-preview:large","max-video-preview":"max-video-preview:-1"},"canonical":"https:\/\/thebrando.com\/fr\/legal-notice\/","og_locale":"fr_FR","og_type":"article","og_title":"The Brando Resort | Legal Notice | Tetiaroa Private Island","og_description":"Read through legal details about The Brando resort, including website contributors, the location of our head office on the Tetiaroa private island, and more.","og_url":"https:\/\/thebrando.com\/fr\/legal-notice\/","og_site_name":"The Brando","article_modified_time":"2024-03-19T15:42:45+00:00","twitter_card":"summary_large_image","twitter_misc":{"Dur\u00e9e de lecture estim\u00e9e":"1 minute"},"schema":{"@context":"https:\/\/schema.org","@graph":[{"@type":"WebPage","@id":"https:\/\/thebrando.com\/legal-notice\/","url":"https:\/\/thebrando.com\/legal-notice\/","name":"The Brando Resort | Legal Notice | Tetiaroa Private Island","isPartOf":{"@id":"https:\/\/thebrando.com\/#website"},"datePublished":"2023-02-18T21:44:27+00:00","dateModified":"2024-03-19T15:42:45+00:00","description":"Read through legal details about The Brando resort, including website contributors, the location of our head office on the Tetiaroa private island, and more.","breadcrumb":{"@id":"https:\/\/thebrando.com\/legal-notice\/#breadcrumb"},"inLanguage":"fr-FR","potentialAction":[{"@type":"ReadAction","target":["https:\/\/thebrando.com\/legal-notice\/"]}]},{"@type":"BreadcrumbList","@id":"https:\/\/thebrando.com\/legal-notice\/#breadcrumb","itemListElement":[{"@type":"ListItem","position":1,"name":"Home","item":"https:\/\/thebrando.com\/"},{"@type":"ListItem","position":2,"name":"Legal Notice"}]},{"@type":"WebSite","@id":"https:\/\/thebrando.com\/#website","url":"https:\/\/thebrando.com\/","name":"Le Brandon","description":"Resort de luxe en Polyn\u00e9sie fran\u00e7aise","potentialAction":[{"@type":"SearchAction","target":{"@type":"EntryPoint","urlTemplate":"https:\/\/thebrando.com\/?s={search_term_string}"},"query-input":{"@type":"PropertyValueSpecification","valueRequired":true,"valueName":"search_term_string"}}],"inLanguage":"fr-FR"}]}},"featured_image_src":null,"featured_image_src_square":null,"_links":{"self":[{"href":"https:\/\/thebrando.com\/fr\/wp-json\/wp\/v2\/pages\/1482","targetHints":{"allow":["GET"]}}],"collection":[{"href":"https:\/\/thebrando.com\/fr\/wp-json\/wp\/v2\/pages"}],"about":[{"href":"https:\/\/thebrando.com\/fr\/wp-json\/wp\/v2\/types\/page"}],"author":[{"embeddable":true,"href":"https:\/\/thebrando.com\/fr\/wp-json\/wp\/v2\/users\/1"}],"replies":[{"embeddable":true,"href":"https:\/\/thebrando.com\/fr\/wp-json\/wp\/v2\/comments?post=1482"}],"version-history":[{"count":0,"href":"https:\/\/thebrando.com\/fr\/wp-json\/wp\/v2\/pages\/1482\/revisions"}],"wp:attachment":[{"href":"https:\/\/thebrando.com\/fr\/wp-json\/wp\/v2\/media?parent=1482"}],"wp:term":[{"taxonomy":"folder","embeddable":true,"href":"https:\/\/thebrando.com\/fr\/wp-json\/wp\/v2\/folder?post=1482"}],"curies":[{"name":"wp","href":"https:\/\/api.w.org\/{rel}","templated":true}]}}