{"id":1601,"date":"2023-02-19T18:40:59","date_gmt":"2023-02-19T18:40:59","guid":{"rendered":"https:\/\/thebrando.com\/?page_id=1601"},"modified":"2024-03-19T15:42:26","modified_gmt":"2024-03-19T15:42:26","slug":"air-tetiaroa-terms-and-conditions","status":"publish","type":"page","link":"https:\/\/thebrando.com\/fr\/air-tetiaroa-terms-and-conditions\/","title":{"rendered":"<strong>Conditions g\u00e9n\u00e9rales d&#039;Air Tetiaroa<\/strong>"},"content":{"rendered":"<h2 class=\"wp-block-heading\"><strong>Conditions g\u00e9n\u00e9rales d&#039;Air Tetiaroa<\/strong><\/h2>\n\n\n\n<p>Des vols priv\u00e9s peuvent \u00eatre organis\u00e9s sur demande.<\/p>\n\n\n\n<p>Les horaires des vols et les tarifs a\u00e9riens peuvent \u00eatre modifi\u00e9s \u00e0 tout moment.<\/p>\n\n\n\n<p>Veuillez noter que les tarifs a\u00e9riens mentionn\u00e9s ci-dessus incluent les taxes et les suppl\u00e9ments.<\/p>\n\n\n\n<p>Les taxes sont sujettes \u00e0 changement sans pr\u00e9avis.<\/p>\n\n\n\n<p>Air Tetiaroa est le seul fournisseur de transport vers Tetiaroa.<\/p>\n\n\n\n<h3 class=\"wp-block-heading\"><strong>PAIEMENT ET POLITIQUE D&#039;ANNULATION\u00a0:<\/strong><\/h3>\n\n\n\n<p>Les conditions de pr\u00e9paiement, d&#039;annulation et de non-pr\u00e9sentation de Brando s&#039;appliquent.<\/p>\n\n\n\n<p>Le paiement, par virement bancaire ou carte de cr\u00e9dit, est exig\u00e9 en euros et doit couvrir le montant total de la facture.<\/p>\n\n\n\n<p>Les frais bancaires ne peuvent \u00eatre retenus sur le paiement.<\/p>\n\n\n\n<p>La confirmation finale sera fournie une fois que le vol aura \u00e9t\u00e9 enti\u00e8rement pr\u00e9pay\u00e9.<\/p>\n\n\n\n<h3 class=\"wp-block-heading\"><strong>ASSURANCE VOYAGE:<\/strong><\/h3>\n\n\n\n<p>Nous voulons nous assurer que votre s\u00e9jour au Brando soit non seulement exceptionnel, mais aussi sans souci. Nous recommandons l&#039;assurance voyage pour prot\u00e9ger votre investissement de vacances si vous devez annuler votre voyage et pour vous prot\u00e9ger contre les \u00e9v\u00e9nements et les d\u00e9penses impr\u00e9vus pendant votre voyage.<\/p>\n\n\n\n<h3 class=\"wp-block-heading\"><strong>ASSISTANCE AU SOL ET TRANSFERTS<\/strong><\/h3>\n\n\n\n<p>Le personnel d&#039;Air Tetiaroa vous attendra \u00e0 votre arriv\u00e9e \u00e0 Tahiti et vous assistera pour votre vol de 20 minutes de Tahiti \u00e0 Tetiaroa. Des services suppl\u00e9mentaires et une assistance sp\u00e9ciale sont disponibles sur demande aupr\u00e8s de notre concierge avant votre voyage\u00a0:&nbsp;<a href=\"mailto:concierge@thebrando.com\">concierge@thebrando.com<\/a><\/p>\n\n\n\n<p>Assistance pour les transferts depuis\/vers The Brando \u2013 24h\/24 \u2013 Appel : 00 689 40 \/866 300<\/p>\n\n\n\n<h3 class=\"wp-block-heading\"><strong>AVIS DE LIMITATION DE RESPONSABILIT\u00c9<\/strong><\/h3>\n\n\n\n<p><strong>Informations conform\u00e9ment \u00e0 l&#039;annexe du r\u00e8glement (CE) 889\/2002 modifiant le r\u00e8glement du Conseil<br>(CE) 2027\/97 sur la responsabilit\u00e9 des transporteurs a\u00e9riens en cas d&#039;accident\u00a0:<\/strong><\/p>\n\n\n\n<p><strong>RESPONSABILIT\u00c9 DU TRANSPORTEUR A\u00c9RIEN POUR LES PASSAGERS ET LEURS BAGAGES\u00a0:<\/strong><\/p>\n\n\n\n<p>La pr\u00e9sente notice d&#039;information r\u00e9sume les r\u00e8gles de responsabilit\u00e9 appliqu\u00e9es par les transporteurs a\u00e9riens communautaires conform\u00e9ment \u00e0 la l\u00e9gislation communautaire et \u00e0 la convention de Montr\u00e9al de 1999.<\/p>\n\n\n\n<h3 class=\"wp-block-heading\"><strong>INDEMNISATION EN CAS DE DECES OU BLESSURE :<\/strong><\/h3>\n\n\n\n<p>Il n&#039;y a aucune limite financi\u00e8re \u00e0 la responsabilit\u00e9 en cas de blessure ou de d\u00e9c\u00e8s d&#039;un Passager. Pour les dommages jusqu&#039;\u00e0 113&#039;110 DTS (montant approximatif en monnaie locale), le transporteur a\u00e9rien ne peut contester les demandes d&#039;indemnisation. Au-del\u00e0 de ce montant, le transporteur a\u00e9rien peut se d\u00e9fendre contre une r\u00e9clamation en prouvant qu&#039;il n&#039;a pas \u00e9t\u00e9 n\u00e9gligent ou autrement fautif.<\/p>\n\n\n\n<h3 class=\"wp-block-heading\"><strong>PAIEMENTS AVANC\u00c9S:<\/strong><\/h3>\n\n\n\n<p>Si un Passager est tu\u00e9 ou bless\u00e9, le transporteur a\u00e9rien doit verser une avance pour couvrir les besoins \u00e9conomiques imm\u00e9diats dans les 15 jours suivant la d\u00e9termination de la personne ayant droit \u00e0 une indemnisation. En cas de d\u00e9c\u00e8s, cette avance ne pourra \u00eatre inf\u00e9rieure \u00e0 18&#039;096 DTS (montant approximatif en monnaie locale).<\/p>\n\n\n\n<h3 class=\"wp-block-heading\"><strong>DESTRUCTION, PERTE OU ENDOMMAGEMENT DES BAGAGES :<\/strong><\/h3>\n\n\n\n<p><strong><\/strong>Le transporteur a\u00e9rien est responsable de la destruction, de la perte ou de l&#039;endommagement des bagages jusqu&#039;\u00e0 1&#039;131 DTS (montant approximatif en monnaie locale). Dans le cas de bagages enregistr\u00e9s, il est responsable m\u00eame s&#039;il n&#039;est pas fautif, sauf si le bagage \u00e9tait d\u00e9j\u00e0 d\u00e9fectueux au pr\u00e9alable. Dans le cas de bagages non enregistr\u00e9s, le transporteur n&#039;est responsable qu&#039;en cas de faute.<\/p>\n\n\n\n<h3 class=\"wp-block-heading\"><strong>PLAINTES RELATIVES AUX BAGAGES\u00a0:<\/strong><\/h3>\n\n\n\n<p><strong><\/strong>Si les bagages sont endommag\u00e9s, retard\u00e9s, perdus ou d\u00e9truits, le Passager doit le signaler par \u00e9crit au transporteur a\u00e9rien d\u00e8s que possible. En cas de d\u00e9t\u00e9rioration d&#039;un bagage enregistr\u00e9, le Passager doit le signaler par \u00e9crit dans un d\u00e9lai de sept jours, et en cas de retard dans un d\u00e9lai de 21 jours, dans les deux cas \u00e0 compter de la date \u00e0 laquelle le bagage a \u00e9t\u00e9 mis \u00e0 disposition du Passager.<\/p>\n\n\n\n<h3 class=\"wp-block-heading\"><strong>RESPONSABILIT\u00c9 DES TRANSPORTEURS CONTRACTANTS ET EFFECTIFS\u00a0:<\/strong><\/h3>\n\n\n\n<p>Si le transporteur a\u00e9rien effectuant effectivement le vol n&#039;est pas le m\u00eame que le transporteur a\u00e9rien contractuel, le Passager a le droit d&#039;adresser une plainte ou de faire une demande de dommages-int\u00e9r\u00eats contre l&#039;un ou les deux. Si le nom ou le code d&#039;un transporteur a\u00e9rien est indiqu\u00e9 sur le billet, ce transporteur a\u00e9rien est le transporteur a\u00e9rien contractant.<\/p>\n\n\n\n<h3 class=\"wp-block-heading\"><strong>TEMPS LIMITE D&#039;ACTION\u00a0:<\/strong><\/h3>\n\n\n\n<p>Toute action en justice en r\u00e9paration doit \u00eatre intent\u00e9e dans un d\u00e9lai de deux ans \u00e0 compter de la date d&#039;arriv\u00e9e de l&#039;a\u00e9ronef, ou \u00e0 compter de la date \u00e0 laquelle l&#039;a\u00e9ronef aurait d\u00fb arriver.<\/p>\n\n\n\n<h3 class=\"wp-block-heading\"><strong>BASE POUR L&#039;INFORMATION\u00a0:<\/strong><\/h3>\n\n\n\n<p><strong><\/strong>La base des r\u00e8gles d\u00e9crites ci-dessus est la convention de Montr\u00e9al du 28 mai 1999, qui est mise en \u0153uvre dans la Communaut\u00e9 europ\u00e9enne par le r\u00e8glement (CE) n\u00b0 2027\/97 (tel que modifi\u00e9 par le r\u00e8glement (CE) n\u00b0 889\/2002) et la l\u00e9gislation nationale de la \u00c9tats membres de l&#039;UE.<\/p>\n\n\n\n<p>Si la personne r\u00e9cup\u00e9rant les bagages accepte un bagage enregistr\u00e9 sans r\u00e9serve, cette action \u00e9tablira la pr\u00e9somption contestable qu&#039;il a \u00e9t\u00e9 livr\u00e9 en bon \u00e9tat conform\u00e9ment au document de transport. La responsabilit\u00e9 de la Compagnie a\u00e9rienne est dans tous les cas limit\u00e9e aux dommages prouv\u00e9s. Le pr\u00e9judice \u00e0 indemniser peut diminuer en cas de faute contributive. En outre, veuillez vous reporter \u00e0 la disposition sur la responsabilit\u00e9 de l&#039;article 20 de la Convention de Montr\u00e9al.<\/p>","protected":false},"excerpt":{"rendered":"<p>Air Tetiaroa Conditions g\u00e9n\u00e9rales de vente Des vols priv\u00e9s peuvent \u00eatre organis\u00e9s sur demande. Les horaires des vols et les tarifs a\u00e9riens peuvent \u00eatre modifi\u00e9s \u00e0 tout moment. Veuillez noter que les tarifs a\u00e9riens mentionn\u00e9s ci-dessus s'entendent taxes et suppl\u00e9ments inclus. Les taxes peuvent \u00eatre modifi\u00e9es sans pr\u00e9avis. Air Tetiaroa est l'unique fournisseur de transport vers [...]<\/p>","protected":false},"author":1,"featured_media":0,"parent":0,"menu_order":0,"comment_status":"closed","ping_status":"closed","template":"template-pages\/brando-blank-page.php","meta":{"_acf_changed":false,"footnotes":""},"folder":[],"class_list":["post-1601","page","type-page","status-publish","hentry"],"acf":[],"yoast_head":"<!-- This site is optimized with the Yoast SEO plugin v27.3 - https:\/\/yoast.com\/product\/yoast-seo-wordpress\/ -->\n<title>Air Tetiaroa | Terms And Conditions | Flights To The Brando<\/title>\n<meta name=\"description\" content=\"View comprehensive terms and conditions, frequently asked questions, and more for Air Tetiaroa so you know what to expect on your flight to The Brando resort.\" \/>\n<meta name=\"robots\" content=\"index, follow, max-snippet:-1, max-image-preview:large, max-video-preview:-1\" \/>\n<link rel=\"canonical\" href=\"https:\/\/thebrando.com\/fr\/air-tetiaroa-terms-and-conditions\/\" \/>\n<meta property=\"og:locale\" content=\"fr_FR\" \/>\n<meta property=\"og:type\" content=\"article\" \/>\n<meta property=\"og:title\" content=\"Air Tetiaroa | Terms And Conditions | Flights To The Brando\" \/>\n<meta property=\"og:description\" content=\"View comprehensive terms and conditions, frequently asked questions, and more for Air Tetiaroa so you know what to expect on your flight to The Brando resort.\" \/>\n<meta property=\"og:url\" content=\"https:\/\/thebrando.com\/fr\/air-tetiaroa-terms-and-conditions\/\" \/>\n<meta property=\"og:site_name\" content=\"The Brando\" \/>\n<meta property=\"article:modified_time\" content=\"2024-03-19T15:42:26+00:00\" \/>\n<meta name=\"twitter:card\" content=\"summary_large_image\" \/>\n<meta name=\"twitter:label1\" content=\"Dur\u00e9e de lecture estim\u00e9e\" \/>\n\t<meta name=\"twitter:data1\" content=\"4 minutes\" \/>\n<script type=\"application\/ld+json\" class=\"yoast-schema-graph\">{\"@context\":\"https:\\\/\\\/schema.org\",\"@graph\":[{\"@type\":\"WebPage\",\"@id\":\"https:\\\/\\\/thebrando.com\\\/air-tetiaroa-terms-and-conditions\\\/\",\"url\":\"https:\\\/\\\/thebrando.com\\\/air-tetiaroa-terms-and-conditions\\\/\",\"name\":\"Air Tetiaroa | Terms And Conditions | Flights To The Brando\",\"isPartOf\":{\"@id\":\"https:\\\/\\\/thebrando.com\\\/#website\"},\"datePublished\":\"2023-02-19T18:40:59+00:00\",\"dateModified\":\"2024-03-19T15:42:26+00:00\",\"description\":\"View comprehensive terms and conditions, frequently asked questions, and more for Air Tetiaroa so you know what to expect on your flight to The Brando resort.\",\"breadcrumb\":{\"@id\":\"https:\\\/\\\/thebrando.com\\\/air-tetiaroa-terms-and-conditions\\\/#breadcrumb\"},\"inLanguage\":\"fr-FR\",\"potentialAction\":[{\"@type\":\"ReadAction\",\"target\":[\"https:\\\/\\\/thebrando.com\\\/air-tetiaroa-terms-and-conditions\\\/\"]}]},{\"@type\":\"BreadcrumbList\",\"@id\":\"https:\\\/\\\/thebrando.com\\\/air-tetiaroa-terms-and-conditions\\\/#breadcrumb\",\"itemListElement\":[{\"@type\":\"ListItem\",\"position\":1,\"name\":\"Home\",\"item\":\"https:\\\/\\\/thebrando.com\\\/\"},{\"@type\":\"ListItem\",\"position\":2,\"name\":\"Air Tetiaroa Terms and Conditions\"}]},{\"@type\":\"WebSite\",\"@id\":\"https:\\\/\\\/thebrando.com\\\/#website\",\"url\":\"https:\\\/\\\/thebrando.com\\\/\",\"name\":\"The Brando\",\"description\":\"Luxury Resort in French Polynesia\",\"potentialAction\":[{\"@type\":\"SearchAction\",\"target\":{\"@type\":\"EntryPoint\",\"urlTemplate\":\"https:\\\/\\\/thebrando.com\\\/?s={search_term_string}\"},\"query-input\":{\"@type\":\"PropertyValueSpecification\",\"valueRequired\":true,\"valueName\":\"search_term_string\"}}],\"inLanguage\":\"fr-FR\"}]}<\/script>\n<!-- \/ Yoast SEO plugin. -->","yoast_head_json":{"title":"Air Tetiaroa | Terms And Conditions | Flights To The Brando","description":"View comprehensive terms and conditions, frequently asked questions, and more for Air Tetiaroa so you know what to expect on your flight to The Brando resort.","robots":{"index":"index","follow":"follow","max-snippet":"max-snippet:-1","max-image-preview":"max-image-preview:large","max-video-preview":"max-video-preview:-1"},"canonical":"https:\/\/thebrando.com\/fr\/air-tetiaroa-terms-and-conditions\/","og_locale":"fr_FR","og_type":"article","og_title":"Air Tetiaroa | Terms And Conditions | Flights To The Brando","og_description":"View comprehensive terms and conditions, frequently asked questions, and more for Air Tetiaroa so you know what to expect on your flight to The Brando resort.","og_url":"https:\/\/thebrando.com\/fr\/air-tetiaroa-terms-and-conditions\/","og_site_name":"The Brando","article_modified_time":"2024-03-19T15:42:26+00:00","twitter_card":"summary_large_image","twitter_misc":{"Dur\u00e9e de lecture estim\u00e9e":"4 minutes"},"schema":{"@context":"https:\/\/schema.org","@graph":[{"@type":"WebPage","@id":"https:\/\/thebrando.com\/air-tetiaroa-terms-and-conditions\/","url":"https:\/\/thebrando.com\/air-tetiaroa-terms-and-conditions\/","name":"Air Tetiaroa | Terms And Conditions | Flights To The Brando","isPartOf":{"@id":"https:\/\/thebrando.com\/#website"},"datePublished":"2023-02-19T18:40:59+00:00","dateModified":"2024-03-19T15:42:26+00:00","description":"View comprehensive terms and conditions, frequently asked questions, and more for Air Tetiaroa so you know what to expect on your flight to The Brando resort.","breadcrumb":{"@id":"https:\/\/thebrando.com\/air-tetiaroa-terms-and-conditions\/#breadcrumb"},"inLanguage":"fr-FR","potentialAction":[{"@type":"ReadAction","target":["https:\/\/thebrando.com\/air-tetiaroa-terms-and-conditions\/"]}]},{"@type":"BreadcrumbList","@id":"https:\/\/thebrando.com\/air-tetiaroa-terms-and-conditions\/#breadcrumb","itemListElement":[{"@type":"ListItem","position":1,"name":"Home","item":"https:\/\/thebrando.com\/"},{"@type":"ListItem","position":2,"name":"Air Tetiaroa Terms and Conditions"}]},{"@type":"WebSite","@id":"https:\/\/thebrando.com\/#website","url":"https:\/\/thebrando.com\/","name":"Le Brandon","description":"Resort de luxe en Polyn\u00e9sie fran\u00e7aise","potentialAction":[{"@type":"SearchAction","target":{"@type":"EntryPoint","urlTemplate":"https:\/\/thebrando.com\/?s={search_term_string}"},"query-input":{"@type":"PropertyValueSpecification","valueRequired":true,"valueName":"search_term_string"}}],"inLanguage":"fr-FR"}]}},"featured_image_src":null,"featured_image_src_square":null,"_links":{"self":[{"href":"https:\/\/thebrando.com\/fr\/wp-json\/wp\/v2\/pages\/1601","targetHints":{"allow":["GET"]}}],"collection":[{"href":"https:\/\/thebrando.com\/fr\/wp-json\/wp\/v2\/pages"}],"about":[{"href":"https:\/\/thebrando.com\/fr\/wp-json\/wp\/v2\/types\/page"}],"author":[{"embeddable":true,"href":"https:\/\/thebrando.com\/fr\/wp-json\/wp\/v2\/users\/1"}],"replies":[{"embeddable":true,"href":"https:\/\/thebrando.com\/fr\/wp-json\/wp\/v2\/comments?post=1601"}],"version-history":[{"count":0,"href":"https:\/\/thebrando.com\/fr\/wp-json\/wp\/v2\/pages\/1601\/revisions"}],"wp:attachment":[{"href":"https:\/\/thebrando.com\/fr\/wp-json\/wp\/v2\/media?parent=1601"}],"wp:term":[{"taxonomy":"folder","embeddable":true,"href":"https:\/\/thebrando.com\/fr\/wp-json\/wp\/v2\/folder?post=1601"}],"curies":[{"name":"wp","href":"https:\/\/api.w.org\/{rel}","templated":true}]}}