{"id":3,"date":"2023-01-07T07:57:10","date_gmt":"2023-01-07T07:57:10","guid":{"rendered":"https:\/\/localhost:10043\/?page_id=3"},"modified":"2024-09-27T17:30:06","modified_gmt":"2024-09-27T17:30:06","slug":"privacy-policy","status":"publish","type":"page","link":"https:\/\/thebrando.com\/fr\/privacy-policy\/","title":{"rendered":"politique de confidentialit\u00e9"},"content":{"rendered":"<h2 class=\"wp-block-heading\"><em>Date de la derni\u00e8re r\u00e9vision : 26 septembre 202<\/em>4<\/h2>\n\n\n\n<h3 class=\"wp-block-heading\">Pr\u00e9ambule<\/h3>\n\n\n\n<p>Le site Web &quot;<a href=\"https:\/\/thebrando.com\/fr\/\">https:\/\/thebrando.com\/<\/a>\u00bb (ci-apr\u00e8s le \u00ab Site \u00bb) est exploit\u00e9 par The Brando resort (ci-apr\u00e8s \u00ab nous \u00bb ou \u00ab nos \u00bb), dont le si\u00e8ge social est situ\u00e9 \u00e0 Teti&#039;aroa Private Island, Arue Tahiti, BP 6014 Faa&#039;a, 98702 Tahiti, Polyn\u00e9sie fran\u00e7aise.<\/p>\n\n\n\n<p>Cette politique (ci-apr\u00e8s la \u00ab\u00a0Politique\u00a0\u00bb) d\u00e9finit la mani\u00e8re dont nous traitons les informations que nous collectons \u00e0 votre sujet (ci-apr\u00e8s vos \u00ab\u00a0Donn\u00e9es\u00a0\u00bb) lorsque vous visitez notre site Web.<\/p>\n\n\n\n<p>Nous attachons la plus grande importance au respect de la vie priv\u00e9e et des donn\u00e9es personnelles de nos utilisateurs.<\/p>\n\n\n\n<p>Afin de maintenir une protection maximale de vos donn\u00e9es personnelles, notre Site, sous la supervision de notre D\u00e9l\u00e9gu\u00e9 \u00e0 la Protection des Donn\u00e9es (DPO), ainsi que les acteurs qui l&#039;administrent (h\u00e9bergeur, prestataires informatiques) respectent la l\u00e9gislation applicable en mati\u00e8re de protection des donn\u00e9es personnelles. donn\u00e9es.<\/p>\n\n\n\n<p>Notre politique de confidentialit\u00e9 des donn\u00e9es a \u00e9t\u00e9 r\u00e9dig\u00e9e en conformit\u00e9 avec la l\u00e9gislation europ\u00e9enne et fran\u00e7aise, notamment le R\u00e8glement (UE) 2016\/679 du Parlement europ\u00e9en et du Conseil du 27 avril 2016 (le \u00ab R\u00e8glement g\u00e9n\u00e9ral sur la protection des donn\u00e9es \u00bb ou \u00ab RGPD \u00bb). Si vous \u00eates un r\u00e9sident de Californie, des conditions suppl\u00e9mentaires s&#039;appliquent \u00e0 vous. Veuillez vous r\u00e9f\u00e9rer \u00e0 la section &quot;Pour les r\u00e9sidents de Californie&quot; de cette politique de confidentialit\u00e9.<\/p>\n\n\n\n<h3 class=\"wp-block-heading\">Statut des liens<\/h3>\n\n\n\n<p>Le traitement d\u00e9crit dans la pr\u00e9sente Politique ne concerne que le Site \u00ab<a href=\"https:\/\/thebrando.com\/fr\/\">https:\/\/thebrando.com\/<\/a>\"Nos pages sur les m\u00e9dias sociaux sont list\u00e9es ici : <br><br><a href=\"https:\/\/www.facebook.com\/thebrandoresort\/\">https:\/\/www.facebook.com\/thebrandoresort\/<\/a><br><a href=\"https:\/\/www.instagram.com\/thebrandoresort\/\">https:\/\/www.instagram.com\/thebrandoresort\/<\/a><br><a href=\"https:\/\/www.tiktok.com\/@thebrando.resort\">https:\/\/www.tiktok.com\/@thebrando.resort<\/a><\/p>\n\n\n\n<p>Des liens externes d'autres entit\u00e9s ou de tiers peuvent \u00eatre pr\u00e9sents sur notre site web, \u00e0 des fins de partenariat. Vous pouvez vous r\u00e9f\u00e9rer aux politiques de confidentialit\u00e9 des autres entit\u00e9s ou tiers lorsque vous visitez leur site web. Veuillez noter que nous ne sommes pas responsables des politiques de confidentialit\u00e9 et du contenu des autres sites.<\/p>\n\n\n\n<h3 class=\"wp-block-heading\">Finalit\u00e9 et cat\u00e9gories de donn\u00e9es trait\u00e9es&nbsp;<\/h3>\n\n\n\n<p>Le site Web &quot;<a href=\"https:\/\/thebrando.com\/fr\/\">https:\/\/thebrando.com\/<\/a>\u00bb est le site internet de l&#039;InterContinental Tahiti Resort &amp; Spa. Il permet aux internautes d&#039;en savoir plus sur notre h\u00f4tel, ses activit\u00e9s, ses produits et ses services. Le Site permet \u00e9galement de vous rediriger vers un site de r\u00e9servation en pr\u00e9-renseignant les dates et le nombre de personnes concern\u00e9es par le s\u00e9jour. Ce site n&#039;autorise pas les r\u00e9servations, n&#039;est pas non plus un site marchand, et il n&#039;y a pas de conditions g\u00e9n\u00e9rales de vente ni de mentions concernant la s\u00e9curit\u00e9 des moyens de paiement.<\/p>\n\n\n\n<p>Nous collectons et traitons des Donn\u00e9es lorsque :<\/p>\n\n\n\n<p>\u2013 vous naviguez sur le Site, auquel cas nous collectons des informations techniques et de navigation telles que votre adresse IP, les pages du Site auxquelles vous acc\u00e9dez via votre terminal et l&#039;heure \u00e0 laquelle vous y avez acc\u00e9d\u00e9. Pour plus d&#039;informations, veuillez consulter notre <a href=\"https:\/\/tahiti.intercontinental.com\/cookie-policy\">Politique relative aux cookies<\/a>;<\/p>\n\n\n\n<p>- vous nous contactez pour poser des questions ou faire des commentaires ou des suggestions via nos formulaires \" Nous contacter \", \" Demande d'information \", nos pages sur les m\u00e9dias sociaux, ou directement par e-mail, auquel cas, nous collectons votre identit\u00e9 et vos coordonn\u00e9es (donn\u00e9es obligatoires pour nous permettre de r\u00e9pondre \u00e0 votre demande) et toute information que vous nous fournissez volontairement et qui est pertinente pour le traitement de votre demande.<\/p>\n\n\n\n<p>\u2013 vous vous inscrivez \u00e0 notre newsletter afin d&#039;\u00eatre inform\u00e9 des nouveaut\u00e9s et exclusivit\u00e9s concernant notre h\u00f4tel. Vous avez le droit de vous d\u00e9sinscrire de la newsletter via un bouton de d\u00e9sinscription pr\u00e9sent dans tous nos e-mails.<\/p>\n\n\n\n<h3 class=\"wp-block-heading\">Base l\u00e9gale<\/h3>\n\n\n\n<p>Le traitement de vos donn\u00e9es dans le but de r\u00e9pondre \u00e0 vos demandes envoy\u00e9es via notre formulaire de contact, nos pages de m\u00e9dias sociaux ou directement par e-mail est bas\u00e9 sur votre consentement pr\u00e9alable.<\/p>\n\n\n\n<p>Le traitement de vos Donn\u00e9es mis en \u0153uvre \u00e0 des fins d&#039;analyse de la navigation sur le Site et d&#039;optimisation du Site repose sur votre consentement. Le traitement de vos Donn\u00e9es aux fins du fonctionnement et de la s\u00e9curit\u00e9 du Site est fond\u00e9 sur notre int\u00e9r\u00eat l\u00e9gitime \u00e0 assurer sa s\u00e9curit\u00e9 et sa fonctionnalit\u00e9.<\/p>\n\n\n\n<p>Le traitement de vos Donn\u00e9es aux fins de l&#039;inscription \u00e0 notre newsletter est fond\u00e9 sur votre consentement.<\/p>\n\n\n\n<h3 class=\"wp-block-heading\">Temps de r\u00e9tention<\/h3>\n\n\n\n<p>Lorsque vos Donn\u00e9es sont collect\u00e9es dans le cadre de demandes adress\u00e9es via notre formulaire de contact, elles sont conserv\u00e9es pendant le temps strictement n\u00e9cessaire au traitement de ces demandes, et pour une dur\u00e9e maximale de 2 ans.<\/p>\n\n\n\n<p>Lorsque des cookies ou autres traceurs sont d\u00e9pos\u00e9s dans votre terminal, ils sont conserv\u00e9s pour la dur\u00e9e indiqu\u00e9e dans le <a href=\"https:\/\/tahiti.intercontinental.com\/cookie-policy\">Politique relative aux cookies<\/a>.<\/p>\n\n\n\n<p>Lorsque vos Donn\u00e9es sont collect\u00e9es dans le cadre de votre inscription \u00e0 notre Newsletter, elles sont conserv\u00e9es pendant votre inscription et sont supprim\u00e9es imm\u00e9diatement apr\u00e8s votre d\u00e9sinscription.<\/p>\n\n\n\n<p>A l&#039;issue des dur\u00e9es de conservation indiqu\u00e9es ci-dessus, nous supprimerons vos Donn\u00e9es.<\/p>\n\n\n\n<h3 class=\"wp-block-heading\">Destinataires<\/h3>\n\n\n\n<p>Afin de fournir nos services, vos donn\u00e9es peuvent \u00eatre partag\u00e9es avec<\/p>\n\n\n\n<p>\u2013 Notre service en charge de la gestion du Site et de l&#039;analyse de son trafic ;<\/p>\n\n\n\n<p>\u2013 Notre service informatique, pour l&#039;assistance technique, la gestion et la maintenance du Site Internet ;<\/p>\n\n\n\n<p>\u2013 Nos prestataires charg\u00e9s d&#039;analyser le trafic du Site et de fournir des cookies de s\u00e9curit\u00e9 et de fonctionnalit\u00e9 ;<\/p>\n\n\n\n<p>\u2013 Notre prestataire en charge de l&#039;h\u00e9bergement du Site.<\/p>\n\n\n\n<p>- Notre prestataire de services charg\u00e9 d'unifier les interactions \u00e0 travers nos m\u00e9dias sociaux.<\/p>\n\n\n\n<p>The Brando peut divulguer vos Donn\u00e9es \u00e0 des tiers lorsqu&#039;une telle divulgation est autoris\u00e9e et requise par la loi ou une ordonnance d&#039;un tribunal, ou lorsqu&#039;une telle divulgation est n\u00e9cessaire pour prot\u00e9ger et d\u00e9fendre ses droits.<\/p>\n\n\n\n<p>En dehors de ces cas, vos Donn\u00e9es ne seront ni c\u00e9d\u00e9es ni rendues accessibles \u00e0 un tiers sans votre consentement pr\u00e9alable.<\/p>\n\n\n\n<h3 class=\"wp-block-heading\">Virement hors UE<\/h3>\n\n\n\n<p>Le site web est h\u00e9berg\u00e9 par notre fournisseur, WP Engine, bas\u00e9 en Irlande. Nous utilisons \u00e9galement les services de Google Analytics et de WordPress afin de mesurer l'audience et les performances du site web. Notre interaction par le biais des m\u00e9dias sociaux n\u00e9cessite l'utilisation des services de Napoleoncat. Dans ce cas, vos donn\u00e9es seront transf\u00e9r\u00e9es aux \u00c9tats-Unis.<\/p>\n\n\n\n<p>Des accords de sous-traitance incluant les Clauses Contractuelles Types de la Commission Europ\u00e9enne ont \u00e9t\u00e9 sign\u00e9s avec nos prestataires afin de garantir le respect du cadre l\u00e9gal applicable.<\/p>\n\n\n\n<h3 class=\"wp-block-heading\">S\u00e9curit\u00e9<\/h3>\n\n\n\n<p>Notre souci est de pr\u00e9server la qualit\u00e9 et l&#039;int\u00e9grit\u00e9 de vos donn\u00e9es personnelles. Les technologies et les politiques de s\u00e9curit\u00e9 appliqu\u00e9es par nous et nos prestataires techniques prot\u00e8gent vos donn\u00e9es contre les acc\u00e8s non autoris\u00e9s, les alt\u00e9rations, les destructions malveillantes ou accidentelles et les pertes de donn\u00e9es par inadvertance. Nous am\u00e9liorons continuellement nos proc\u00e9dures de s\u00e9curit\u00e9 \u00e0 mesure que la technologie \u00e9volue pour maintenir le plus haut niveau de protection. Nos collaborateurs et ceux de nos sous-traitants ayant acc\u00e8s aux donn\u00e9es personnelles sont contractuellement tenus \u00e0 la confidentialit\u00e9.<\/p>\n\n\n\n<h3 class=\"wp-block-heading\">Tes droits<\/h3>\n\n\n\n<p>Vous avez le droit d&#039;acc\u00e9der \u00e0 vos donn\u00e9es personnelles ou de demander leur suppression. Vous disposez \u00e9galement d&#039;un droit d&#039;opposition pour motif l\u00e9gitime, d&#039;un droit de retrait de votre consentement, d&#039;un droit de rectification, de portabilit\u00e9, d&#039;un droit \u00e0 la limitation du traitement de vos donn\u00e9es et d&#039;un droit de d\u00e9finir des directives concernant le sort de vos Donn\u00e9es apr\u00e8s votre d\u00e9c\u00e8s.<\/p>\n\n\n\n<p>Pour exercer ces droits ou si vous avez des questions sur le traitement de vos donn\u00e9es, vous pouvez contacter notre D\u00e9l\u00e9gu\u00e9 \u00e0 la Protection des Donn\u00e9es (DPO) : par email \u00e0 <a href=\"mailto:dpo@pbsc.pf\">dpo@pbsc.pf<\/a>, ou par courrier au DPO, Pacific Beachcomber SC, BP 6014, Faa&#039;a, Tahiti \u2013 Polyn\u00e9sie fran\u00e7aise.<\/p>\n\n\n\n<p>Dans le cas o\u00f9 nous ne r\u00e9pondons pas \u00e0 vos demandes de mani\u00e8re satisfaisante, vous pouvez \u00e9galement introduire une r\u00e9clamation aupr\u00e8s de l&#039;autorit\u00e9 de contr\u00f4le (en France la CNIL).<\/p>\n\n\n\n<h3 class=\"wp-block-heading\">Pour les r\u00e9sidents de Californie<\/h3>\n\n\n\n<p>Si vous r\u00e9sidez en Californie, les conditions ci-dessous sont int\u00e9gr\u00e9es \u00e0 la pr\u00e9sente politique de confidentialit\u00e9. En cas d&#039;incoh\u00e9rence entre les termes de cette section et tout autre terme de la pr\u00e9sente politique de confidentialit\u00e9, les termes de cette section pr\u00e9vaudront dans la mesure n\u00e9cessaire pour r\u00e9soudre cette incoh\u00e9rence.<\/p>\n\n\n\n<p>A) Informations sur le traitement de vos donn\u00e9es<\/p>\n\n\n\n<p>Si vous r\u00e9sidez en Californie, vous avez le droit de demander que nous vous accordions l&#039;acc\u00e8s \u00e0 vos Donn\u00e9es et que nous supprimions vos Donn\u00e9es. Veuillez adresser vos demandes et questions \u00e9crites concernant vos droits \u00e0 dpo@pbsc.pf<\/p>\n\n\n\n<p>B) Cat\u00e9gories de donn\u00e9es que nous collectons<\/p>\n\n\n\n<p>Nous collectons les donn\u00e9es personnelles suivantes :<\/p>\n\n\n\n<ul class=\"wp-block-list\">\n<li>Identifiants - tels que le pr\u00e9nom et le nom, l&#039;adresse e-mail ou d&#039;autres identifiants similaires<\/li>\n\n\n\n<li>Donn\u00e9es d&#039;activit\u00e9 de navigation - Internet ou d&#039;autres informations sur l&#039;activit\u00e9 du r\u00e9seau \u00e9lectronique, telles que l&#039;historique de navigation, l&#039;historique des recherches et les informations concernant l&#039;interaction d&#039;un individu avec un site Internet, une application ou une publicit\u00e9.<\/li>\n<\/ul>\n\n\n\n<p>Nous ne \u00ab vendons \u00bb pas vos informations personnelles. La liste des tiers destinataires de vos Donn\u00e9es est d\u00e9crite dans la rubrique \u00ab Destinataires \u00bb ci-dessus.<\/p>","protected":false},"excerpt":{"rendered":"<p>Date de derni\u00e8re r\u00e9vision : 26 septembre 2024 Pr\u00e9ambule Le site internet \" https:\/\/thebrando.com\/ \" (ci-apr\u00e8s le \" Site internet \") est exploit\u00e9 par The Brando resort (ci-apr\u00e8s \" nous \"), dont le si\u00e8ge social est situ\u00e9 \u00e0 Teti'aroa Private Island, Arue Tahiti, P.O. Box 6014 Faa'a, 98702 Tahiti, Polyn\u00e9sie fran\u00e7aise. La pr\u00e9sente politique (ci-apr\u00e8s la \"Politique\") d\u00e9finit la mani\u00e8re dont nous traitons les informations que nous [...]<\/p>","protected":false},"author":1,"featured_media":0,"parent":0,"menu_order":0,"comment_status":"closed","ping_status":"open","template":"template-pages\/brando-blank-page.php","meta":{"_acf_changed":false,"footnotes":""},"folder":[],"class_list":["post-3","page","type-page","status-publish","hentry"],"acf":[],"yoast_head":"<!-- This site is optimized with the Yoast SEO plugin v27.3 - https:\/\/yoast.com\/product\/yoast-seo-wordpress\/ -->\n<title>All Inclusive Resort In The South Pacific | The Brando Privacy Policy<\/title>\n<meta name=\"description\" content=\"View The Brando resort&#039;s Privacy Policy here, so you can rest your mind while browsing the site to learn about our all inclusive resort in the South Pacific.\" \/>\n<meta name=\"robots\" content=\"index, follow, max-snippet:-1, max-image-preview:large, max-video-preview:-1\" \/>\n<link rel=\"canonical\" href=\"https:\/\/thebrando.com\/fr\/privacy-policy\/\" \/>\n<meta property=\"og:locale\" content=\"fr_FR\" \/>\n<meta property=\"og:type\" content=\"article\" \/>\n<meta property=\"og:title\" content=\"All Inclusive Resort In The South Pacific | The Brando Privacy Policy\" \/>\n<meta property=\"og:description\" content=\"View The Brando resort&#039;s Privacy Policy here, so you can rest your mind while browsing the site to learn about our all inclusive resort in the South Pacific.\" \/>\n<meta property=\"og:url\" content=\"https:\/\/thebrando.com\/fr\/privacy-policy\/\" \/>\n<meta property=\"og:site_name\" content=\"The Brando\" \/>\n<meta property=\"article:modified_time\" content=\"2024-09-27T17:30:06+00:00\" \/>\n<meta name=\"twitter:card\" content=\"summary_large_image\" \/>\n<meta name=\"twitter:label1\" content=\"Dur\u00e9e de lecture estim\u00e9e\" \/>\n\t<meta name=\"twitter:data1\" content=\"6 minutes\" \/>\n<script type=\"application\/ld+json\" class=\"yoast-schema-graph\">{\"@context\":\"https:\\\/\\\/schema.org\",\"@graph\":[{\"@type\":\"WebPage\",\"@id\":\"https:\\\/\\\/thebrando.com\\\/privacy-policy\\\/\",\"url\":\"https:\\\/\\\/thebrando.com\\\/privacy-policy\\\/\",\"name\":\"All Inclusive Resort In The South Pacific | The Brando Privacy Policy\",\"isPartOf\":{\"@id\":\"https:\\\/\\\/thebrando.com\\\/#website\"},\"datePublished\":\"2023-01-07T07:57:10+00:00\",\"dateModified\":\"2024-09-27T17:30:06+00:00\",\"description\":\"View The Brando resort's Privacy Policy here, so you can rest your mind while browsing the site to learn about our all inclusive resort in the South Pacific.\",\"breadcrumb\":{\"@id\":\"https:\\\/\\\/thebrando.com\\\/privacy-policy\\\/#breadcrumb\"},\"inLanguage\":\"fr-FR\",\"potentialAction\":[{\"@type\":\"ReadAction\",\"target\":[\"https:\\\/\\\/thebrando.com\\\/privacy-policy\\\/\"]}]},{\"@type\":\"BreadcrumbList\",\"@id\":\"https:\\\/\\\/thebrando.com\\\/privacy-policy\\\/#breadcrumb\",\"itemListElement\":[{\"@type\":\"ListItem\",\"position\":1,\"name\":\"Home\",\"item\":\"https:\\\/\\\/thebrando.com\\\/\"},{\"@type\":\"ListItem\",\"position\":2,\"name\":\"Privacy Policy\"}]},{\"@type\":\"WebSite\",\"@id\":\"https:\\\/\\\/thebrando.com\\\/#website\",\"url\":\"https:\\\/\\\/thebrando.com\\\/\",\"name\":\"The Brando\",\"description\":\"Luxury Resort in French Polynesia\",\"potentialAction\":[{\"@type\":\"SearchAction\",\"target\":{\"@type\":\"EntryPoint\",\"urlTemplate\":\"https:\\\/\\\/thebrando.com\\\/?s={search_term_string}\"},\"query-input\":{\"@type\":\"PropertyValueSpecification\",\"valueRequired\":true,\"valueName\":\"search_term_string\"}}],\"inLanguage\":\"fr-FR\"}]}<\/script>\n<!-- \/ Yoast SEO plugin. -->","yoast_head_json":{"title":"All Inclusive Resort In The South Pacific | The Brando Privacy Policy","description":"View The Brando resort's Privacy Policy here, so you can rest your mind while browsing the site to learn about our all inclusive resort in the South Pacific.","robots":{"index":"index","follow":"follow","max-snippet":"max-snippet:-1","max-image-preview":"max-image-preview:large","max-video-preview":"max-video-preview:-1"},"canonical":"https:\/\/thebrando.com\/fr\/privacy-policy\/","og_locale":"fr_FR","og_type":"article","og_title":"All Inclusive Resort In The South Pacific | The Brando Privacy Policy","og_description":"View The Brando resort's Privacy Policy here, so you can rest your mind while browsing the site to learn about our all inclusive resort in the South Pacific.","og_url":"https:\/\/thebrando.com\/fr\/privacy-policy\/","og_site_name":"The Brando","article_modified_time":"2024-09-27T17:30:06+00:00","twitter_card":"summary_large_image","twitter_misc":{"Dur\u00e9e de lecture estim\u00e9e":"6 minutes"},"schema":{"@context":"https:\/\/schema.org","@graph":[{"@type":"WebPage","@id":"https:\/\/thebrando.com\/privacy-policy\/","url":"https:\/\/thebrando.com\/privacy-policy\/","name":"All Inclusive Resort In The South Pacific | The Brando Privacy Policy","isPartOf":{"@id":"https:\/\/thebrando.com\/#website"},"datePublished":"2023-01-07T07:57:10+00:00","dateModified":"2024-09-27T17:30:06+00:00","description":"View The Brando resort's Privacy Policy here, so you can rest your mind while browsing the site to learn about our all inclusive resort in the South Pacific.","breadcrumb":{"@id":"https:\/\/thebrando.com\/privacy-policy\/#breadcrumb"},"inLanguage":"fr-FR","potentialAction":[{"@type":"ReadAction","target":["https:\/\/thebrando.com\/privacy-policy\/"]}]},{"@type":"BreadcrumbList","@id":"https:\/\/thebrando.com\/privacy-policy\/#breadcrumb","itemListElement":[{"@type":"ListItem","position":1,"name":"Home","item":"https:\/\/thebrando.com\/"},{"@type":"ListItem","position":2,"name":"Privacy Policy"}]},{"@type":"WebSite","@id":"https:\/\/thebrando.com\/#website","url":"https:\/\/thebrando.com\/","name":"Le Brandon","description":"Resort de luxe en Polyn\u00e9sie fran\u00e7aise","potentialAction":[{"@type":"SearchAction","target":{"@type":"EntryPoint","urlTemplate":"https:\/\/thebrando.com\/?s={search_term_string}"},"query-input":{"@type":"PropertyValueSpecification","valueRequired":true,"valueName":"search_term_string"}}],"inLanguage":"fr-FR"}]}},"featured_image_src":null,"featured_image_src_square":null,"_links":{"self":[{"href":"https:\/\/thebrando.com\/fr\/wp-json\/wp\/v2\/pages\/3","targetHints":{"allow":["GET"]}}],"collection":[{"href":"https:\/\/thebrando.com\/fr\/wp-json\/wp\/v2\/pages"}],"about":[{"href":"https:\/\/thebrando.com\/fr\/wp-json\/wp\/v2\/types\/page"}],"author":[{"embeddable":true,"href":"https:\/\/thebrando.com\/fr\/wp-json\/wp\/v2\/users\/1"}],"replies":[{"embeddable":true,"href":"https:\/\/thebrando.com\/fr\/wp-json\/wp\/v2\/comments?post=3"}],"version-history":[{"count":0,"href":"https:\/\/thebrando.com\/fr\/wp-json\/wp\/v2\/pages\/3\/revisions"}],"wp:attachment":[{"href":"https:\/\/thebrando.com\/fr\/wp-json\/wp\/v2\/media?parent=3"}],"wp:term":[{"taxonomy":"folder","embeddable":true,"href":"https:\/\/thebrando.com\/fr\/wp-json\/wp\/v2\/folder?post=3"}],"curies":[{"name":"wp","href":"https:\/\/api.w.org\/{rel}","templated":true}]}}