{"id":369,"date":"2023-02-04T06:27:50","date_gmt":"2023-02-04T06:27:50","guid":{"rendered":"https:\/\/localhost:10043\/?page_id=369"},"modified":"2023-02-20T07:38:56","modified_gmt":"2023-02-20T07:38:56","slug":"custom-experiences","status":"publish","type":"page","link":"https:\/\/thebrando.com\/fr\/custom-experiences\/","title":{"rendered":"exp\u00e9riences sur mesure"},"content":{"rendered":"<section class=\"title-long-img-block light-pink\">\n    <div class=\"wrapper\">\n        <div class=\"title-long-content\">\n        <div class=\"flex_container flex_two\">\n            <div class=\"flex_item flex_40\">\n                <h3 class=\"fancy\">APER\u00c7U<\/h3>\n                <h2 class=\"hero\">Sur mesure<\/h2>\n            <\/div>\n            <div class=\"flex_item flex_60\">\n                <div class=\"title-long-content-wrap\">\n                <span style=\"font-weight: 400\">Envie de regarder un film sur la plage \u00e0 quelques pas de votre villa ? D\u2019une table dress\u00e9e pour deux, ou six, sur une plage isol\u00e9e pour un d\u00e9jeuner pique nique en plusieurs services ? De tout savoir sur la fameuse perle noire de Polyn\u00e9sie, et de ramener un cadeau discret pour un \u00eatre cher ? Nous sommes l\u00e0 pour faire de vos jours et de vos nuits \u00e0 Tetiaroa des moments inoubliables. Il ne reste plus qu'\u00e0 formuler votre souhait.<\/span>\n\n                                <\/div>\n\n            <\/div>\n\n        <\/div>\n        <\/div>\n        \n    <\/div>\n\n<\/section>\n\n<section class=\"single-image-block light-pink\">\n        <div class=\"wrapper\">\n    \n    <img decoding=\"async\" src=\"\" alt=\"\" class=\"animate-me\" \/>\n        <\/div>\n    \n<\/section>\n\n<section class=\"simple-content-block light-pink\" >\n    <div class=\"wrapper\">\n\n                <div class=\"simple-content-wrap\"\n             style=\"max-width:600px; padding-top: 60px; padding-bottom: 60px;\">\n\n            <p style=\"text-align: center\"><a href=\"mailto:concierge@thebrando.com\" target=\"_blank\" rel=\"noopener\">PARLEZ AU CONCIERGE POUR PLANIFIER VOTRE EXP\u00c9RIENCE<\/a><\/p>\n        <\/div>\n\n    <\/div>\n\n<\/section>","protected":false},"excerpt":{"rendered":"","protected":false},"author":1,"featured_media":0,"parent":0,"menu_order":0,"comment_status":"closed","ping_status":"closed","template":"","meta":{"_acf_changed":false,"footnotes":""},"folder":[],"class_list":["post-369","page","type-page","status-publish","hentry"],"acf":[],"yoast_head":"<!-- This site is optimized with the Yoast SEO plugin v27.3 - https:\/\/yoast.com\/product\/yoast-seo-wordpress\/ -->\n<title>Custom Experiences - The Brando<\/title>\n<meta name=\"robots\" content=\"index, follow, max-snippet:-1, max-image-preview:large, max-video-preview:-1\" \/>\n<link rel=\"canonical\" href=\"https:\/\/thebrando.com\/fr\/custom-experiences\/\" \/>\n<meta property=\"og:locale\" content=\"fr_FR\" \/>\n<meta property=\"og:type\" content=\"article\" \/>\n<meta property=\"og:title\" content=\"Custom Experiences - The Brando\" \/>\n<meta property=\"og:url\" content=\"https:\/\/thebrando.com\/fr\/custom-experiences\/\" \/>\n<meta property=\"og:site_name\" content=\"The Brando\" \/>\n<meta property=\"article:modified_time\" content=\"2023-02-20T07:38:56+00:00\" \/>\n<meta name=\"twitter:card\" content=\"summary_large_image\" \/>\n<script type=\"application\/ld+json\" class=\"yoast-schema-graph\">{\"@context\":\"https:\\\/\\\/schema.org\",\"@graph\":[{\"@type\":\"WebPage\",\"@id\":\"https:\\\/\\\/thebrando.com\\\/custom-experiences\\\/\",\"url\":\"https:\\\/\\\/thebrando.com\\\/custom-experiences\\\/\",\"name\":\"Custom Experiences - The Brando\",\"isPartOf\":{\"@id\":\"https:\\\/\\\/thebrando.com\\\/#website\"},\"datePublished\":\"2023-02-04T06:27:50+00:00\",\"dateModified\":\"2023-02-20T07:38:56+00:00\",\"breadcrumb\":{\"@id\":\"https:\\\/\\\/thebrando.com\\\/custom-experiences\\\/#breadcrumb\"},\"inLanguage\":\"fr-FR\",\"potentialAction\":[{\"@type\":\"ReadAction\",\"target\":[\"https:\\\/\\\/thebrando.com\\\/custom-experiences\\\/\"]}]},{\"@type\":\"BreadcrumbList\",\"@id\":\"https:\\\/\\\/thebrando.com\\\/custom-experiences\\\/#breadcrumb\",\"itemListElement\":[{\"@type\":\"ListItem\",\"position\":1,\"name\":\"Home\",\"item\":\"https:\\\/\\\/thebrando.com\\\/\"},{\"@type\":\"ListItem\",\"position\":2,\"name\":\"Custom Experiences\"}]},{\"@type\":\"WebSite\",\"@id\":\"https:\\\/\\\/thebrando.com\\\/#website\",\"url\":\"https:\\\/\\\/thebrando.com\\\/\",\"name\":\"The Brando\",\"description\":\"Luxury Resort in French Polynesia\",\"potentialAction\":[{\"@type\":\"SearchAction\",\"target\":{\"@type\":\"EntryPoint\",\"urlTemplate\":\"https:\\\/\\\/thebrando.com\\\/?s={search_term_string}\"},\"query-input\":{\"@type\":\"PropertyValueSpecification\",\"valueRequired\":true,\"valueName\":\"search_term_string\"}}],\"inLanguage\":\"fr-FR\"}]}<\/script>\n<!-- \/ Yoast SEO plugin. -->","yoast_head_json":{"title":"Exp\u00e9riences personnalis\u00e9es - The Brando","robots":{"index":"index","follow":"follow","max-snippet":"max-snippet:-1","max-image-preview":"max-image-preview:large","max-video-preview":"max-video-preview:-1"},"canonical":"https:\/\/thebrando.com\/fr\/custom-experiences\/","og_locale":"fr_FR","og_type":"article","og_title":"Custom Experiences - The Brando","og_url":"https:\/\/thebrando.com\/fr\/custom-experiences\/","og_site_name":"The Brando","article_modified_time":"2023-02-20T07:38:56+00:00","twitter_card":"summary_large_image","schema":{"@context":"https:\/\/schema.org","@graph":[{"@type":"WebPage","@id":"https:\/\/thebrando.com\/custom-experiences\/","url":"https:\/\/thebrando.com\/custom-experiences\/","name":"Exp\u00e9riences personnalis\u00e9es - The Brando","isPartOf":{"@id":"https:\/\/thebrando.com\/#website"},"datePublished":"2023-02-04T06:27:50+00:00","dateModified":"2023-02-20T07:38:56+00:00","breadcrumb":{"@id":"https:\/\/thebrando.com\/custom-experiences\/#breadcrumb"},"inLanguage":"fr-FR","potentialAction":[{"@type":"ReadAction","target":["https:\/\/thebrando.com\/custom-experiences\/"]}]},{"@type":"BreadcrumbList","@id":"https:\/\/thebrando.com\/custom-experiences\/#breadcrumb","itemListElement":[{"@type":"ListItem","position":1,"name":"Home","item":"https:\/\/thebrando.com\/"},{"@type":"ListItem","position":2,"name":"Custom Experiences"}]},{"@type":"WebSite","@id":"https:\/\/thebrando.com\/#website","url":"https:\/\/thebrando.com\/","name":"Le Brandon","description":"Resort de luxe en Polyn\u00e9sie fran\u00e7aise","potentialAction":[{"@type":"SearchAction","target":{"@type":"EntryPoint","urlTemplate":"https:\/\/thebrando.com\/?s={search_term_string}"},"query-input":{"@type":"PropertyValueSpecification","valueRequired":true,"valueName":"search_term_string"}}],"inLanguage":"fr-FR"}]}},"featured_image_src":null,"featured_image_src_square":null,"_links":{"self":[{"href":"https:\/\/thebrando.com\/fr\/wp-json\/wp\/v2\/pages\/369","targetHints":{"allow":["GET"]}}],"collection":[{"href":"https:\/\/thebrando.com\/fr\/wp-json\/wp\/v2\/pages"}],"about":[{"href":"https:\/\/thebrando.com\/fr\/wp-json\/wp\/v2\/types\/page"}],"author":[{"embeddable":true,"href":"https:\/\/thebrando.com\/fr\/wp-json\/wp\/v2\/users\/1"}],"replies":[{"embeddable":true,"href":"https:\/\/thebrando.com\/fr\/wp-json\/wp\/v2\/comments?post=369"}],"version-history":[{"count":0,"href":"https:\/\/thebrando.com\/fr\/wp-json\/wp\/v2\/pages\/369\/revisions"}],"wp:attachment":[{"href":"https:\/\/thebrando.com\/fr\/wp-json\/wp\/v2\/media?parent=369"}],"wp:term":[{"taxonomy":"folder","embeddable":true,"href":"https:\/\/thebrando.com\/fr\/wp-json\/wp\/v2\/folder?post=369"}],"curies":[{"name":"wp","href":"https:\/\/api.w.org\/{rel}","templated":true}]}}