{"id":371,"date":"2023-02-04T06:28:03","date_gmt":"2023-02-04T06:28:03","guid":{"rendered":"https:\/\/localhost:10043\/?page_id=371"},"modified":"2023-02-20T07:52:59","modified_gmt":"2023-02-20T07:52:59","slug":"sports-activities-for-kids","status":"publish","type":"page","link":"https:\/\/thebrando.com\/fr\/sports-activities-for-kids\/","title":{"rendered":"Sports et activit\u00e9s"},"content":{"rendered":"<section class=\"title-long-img-block light-blue\">\n    <div class=\"wrapper\">\n        <div class=\"title-long-content\">\n        <div class=\"flex_container flex_two\">\n            <div class=\"flex_item flex_40\">\n                <h3 class=\"fancy\">APER\u00c7U<\/h3>\n                <h2 class=\"hero\">Sport et activit\u00e9s<\/h2>\n            <\/div>\n            <div class=\"flex_item flex_60\">\n                <div class=\"title-long-content-wrap\">\n                <span style=\"font-weight: 400\">Sur Tetiaroa, il n'y a pas de rythme impos\u00e9, juste le v\u00f4tre. Rapide ou lent, ou quelque part entre les deux, la vie en Polyn\u00e9sie signifie que vous laissez la nature guider ce que vous voulez faire et ce que vous voulez vivre. <\/span>\n\n                                <\/div>\n\n            <\/div>\n\n        <\/div>\n        <\/div>\n        \n    <\/div>\n\n<\/section>\n\n<section class=\"simple-content-block light-blue h2-small\" >\n    <div class=\"wrapper\">\n\n                <div class=\"simple-content-wrap\"\n             style=\"max-width:600px; padding-top: 60px; padding-bottom: 40px;\">\n\n            <h2 style=\"text-align: center\">Sur l'Eau<\/h2>\r\n<p style=\"text-align: center\">Loin du rivage, prenez une pirogue pour une session sportive sur l'eau, plongez avec masque et tuba parmi les requins de r\u00e9cif, les raies et les poissons du jardin de corail, ou embarquez \u00e0 bord d\u2019un kayak pour glisser sur des eaux d'un bleu qui en met plein les yeux.<\/p>\n        <\/div>\n\n    <\/div>\n\n<\/section>\n\n<section class=\"single-image-block\">\n        \n    <img decoding=\"async\" src=\"\" alt=\"\" class=\"animate-me\" \/>\n        \n<\/section>\n\n\n\n<section class=\"gallery-slider light-blue\">\n\n\n        \n\n    <div class=\"carousel\" data-js=\"carousel-track\" data-flickity='{ \"wrapAround\": true }'>\n\n        \n    <\/div>\n    <div class=\"gallery-slider-selector\">\n        <p id=\"this-works\"  class=\"carousel-status\"><\/p>\n        <button id=\"btn-acf_block_69d9f7fbccbcf\" type=\"button\" class=\"button button--prev\">\n        <\/button>\n        <button id=\"btn-acf_block_69d9f7fbccbcf\" class=\"button button--next\">\n        <\/button>\n    <\/div>\n\n<\/section>\n\n<script>\n\n\n<\/script>\n\n\n<section class=\"simple-content-block h2-small light-blue two-col-list\" >\n    <div class=\"wrapper\">\n\n                <div class=\"simple-content-wrap\"\n             style=\"max-width:600px; padding-top: 5px; padding-bottom: 85px;\">\n\n            <h2 style=\"text-align: center\">Activit\u00e9s aquatiques<\/h2>\r\n<ul>\r\n \t<li>Natation (piscine\/oc\u00e9an)<\/li>\r\n \t<li>Plong\u00e9e avec masque et tuba<\/li>\r\n \t<li>Kayak<\/li>\r\n \t<li>Pirogue \u00e0 balancier<\/li>\r\n \t<li>Stand Up Paddle<\/li>\r\n \t<li>Plong\u00e9e sous-marine (certificat requis)<\/li>\r\n<\/ul>\n        <\/div>\n\n    <\/div>\n\n<\/section>\n\n<section class=\"simple-content-block h2-small light-blue\" >\n    <div class=\"wrapper\">\n\n                <div class=\"simple-content-wrap\"\n             style=\"max-width:650px; padding-top: 60px; padding-bottom: 60px;\">\n\n            <h2 style=\"text-align: center\">Sur terre<\/h2>\r\n<p style=\"text-align: center\">Explorez Onetahi en parcourant des kilom\u00e8tres de pistes cyclables, en vous promenant seul le long d'un sentier dans la nature, en faisant une session de sport en salle, une partie de volleyball, ou encore en explorant notre jardin potager, o\u00f9 sont cultiv\u00e9s les produits servis dans nos restaurants.<\/p>\n        <\/div>\n\n    <\/div>\n\n<\/section>\n\n<section class=\"single-image-block\">\n        \n    <img decoding=\"async\" src=\"\" alt=\"\" class=\"animate-me\" \/>\n        \n<\/section>\n\n\n\n<section class=\"gallery-slider light-blue\">\n\n\n        \n\n    <div class=\"carousel\" data-js=\"carousel-track\" data-flickity='{ \"wrapAround\": true }'>\n\n        \n    <\/div>\n    <div class=\"gallery-slider-selector\">\n        <p id=\"this-works\"  class=\"carousel-status\"><\/p>\n        <button id=\"btn-acf_block_69d9f7fbd158f\" type=\"button\" class=\"button button--prev\">\n        <\/button>\n        <button id=\"btn-acf_block_69d9f7fbd158f\" class=\"button button--next\">\n        <\/button>\n    <\/div>\n\n<\/section>\n\n<script>\n\n\n<\/script>\n\n\n<section class=\"simple-content-block light-blue h2-small two-col-list\" >\n    <div class=\"wrapper\">\n\n                <div class=\"simple-content-wrap\"\n             style=\"max-width:600px; padding-top: 60px; padding-bottom: 60px;\">\n\n            <h2 style=\"text-align: center\">Sur Terre<\/h2>\r\n<ul>\r\n \t<li>Tennis<\/li>\r\n \t<li>Pickle Ball<\/li>\r\n \t<li>Cyclisme<\/li>\r\n \t<li>Centre de remise en forme \/ Coaching et cours<\/li>\r\n \t<li>Beach-volley<\/li>\r\n \t<li>Yoga Priv\u00e9<\/li>\r\n<\/ul>\n        <\/div>\n\n    <\/div>\n\n<\/section>","protected":false},"excerpt":{"rendered":"","protected":false},"author":1,"featured_media":0,"parent":0,"menu_order":0,"comment_status":"closed","ping_status":"closed","template":"","meta":{"_acf_changed":false,"footnotes":""},"folder":[],"class_list":["post-371","page","type-page","status-publish","hentry"],"acf":[],"yoast_head":"<!-- This site is optimized with the Yoast SEO plugin v27.3 - https:\/\/yoast.com\/product\/yoast-seo-wordpress\/ -->\n<title>Sports &amp; Activities - The Brando<\/title>\n<meta name=\"robots\" content=\"index, follow, max-snippet:-1, max-image-preview:large, max-video-preview:-1\" \/>\n<link rel=\"canonical\" href=\"https:\/\/thebrando.com\/fr\/sports-activities-for-kids\/\" \/>\n<meta property=\"og:locale\" content=\"fr_FR\" \/>\n<meta property=\"og:type\" content=\"article\" \/>\n<meta property=\"og:title\" content=\"Sports &amp; Activities - The Brando\" \/>\n<meta property=\"og:url\" content=\"https:\/\/thebrando.com\/fr\/sports-activities-for-kids\/\" \/>\n<meta property=\"og:site_name\" content=\"The Brando\" \/>\n<meta property=\"article:modified_time\" content=\"2023-02-20T07:52:59+00:00\" \/>\n<meta name=\"twitter:card\" content=\"summary_large_image\" \/>\n<script type=\"application\/ld+json\" class=\"yoast-schema-graph\">{\"@context\":\"https:\\\/\\\/schema.org\",\"@graph\":[{\"@type\":\"WebPage\",\"@id\":\"https:\\\/\\\/thebrando.com\\\/sports-activities-for-kids\\\/\",\"url\":\"https:\\\/\\\/thebrando.com\\\/sports-activities-for-kids\\\/\",\"name\":\"Sports & Activities - The Brando\",\"isPartOf\":{\"@id\":\"https:\\\/\\\/thebrando.com\\\/#website\"},\"datePublished\":\"2023-02-04T06:28:03+00:00\",\"dateModified\":\"2023-02-20T07:52:59+00:00\",\"breadcrumb\":{\"@id\":\"https:\\\/\\\/thebrando.com\\\/sports-activities-for-kids\\\/#breadcrumb\"},\"inLanguage\":\"fr-FR\",\"potentialAction\":[{\"@type\":\"ReadAction\",\"target\":[\"https:\\\/\\\/thebrando.com\\\/sports-activities-for-kids\\\/\"]}]},{\"@type\":\"BreadcrumbList\",\"@id\":\"https:\\\/\\\/thebrando.com\\\/sports-activities-for-kids\\\/#breadcrumb\",\"itemListElement\":[{\"@type\":\"ListItem\",\"position\":1,\"name\":\"Home\",\"item\":\"https:\\\/\\\/thebrando.com\\\/\"},{\"@type\":\"ListItem\",\"position\":2,\"name\":\"Sports &#038; Activities\"}]},{\"@type\":\"WebSite\",\"@id\":\"https:\\\/\\\/thebrando.com\\\/#website\",\"url\":\"https:\\\/\\\/thebrando.com\\\/\",\"name\":\"The Brando\",\"description\":\"Luxury Resort in French Polynesia\",\"potentialAction\":[{\"@type\":\"SearchAction\",\"target\":{\"@type\":\"EntryPoint\",\"urlTemplate\":\"https:\\\/\\\/thebrando.com\\\/?s={search_term_string}\"},\"query-input\":{\"@type\":\"PropertyValueSpecification\",\"valueRequired\":true,\"valueName\":\"search_term_string\"}}],\"inLanguage\":\"fr-FR\"}]}<\/script>\n<!-- \/ Yoast SEO plugin. -->","yoast_head_json":{"title":"Sports et activit\u00e9s - The Brando","robots":{"index":"index","follow":"follow","max-snippet":"max-snippet:-1","max-image-preview":"max-image-preview:large","max-video-preview":"max-video-preview:-1"},"canonical":"https:\/\/thebrando.com\/fr\/sports-activities-for-kids\/","og_locale":"fr_FR","og_type":"article","og_title":"Sports & Activities - The Brando","og_url":"https:\/\/thebrando.com\/fr\/sports-activities-for-kids\/","og_site_name":"The Brando","article_modified_time":"2023-02-20T07:52:59+00:00","twitter_card":"summary_large_image","schema":{"@context":"https:\/\/schema.org","@graph":[{"@type":"WebPage","@id":"https:\/\/thebrando.com\/sports-activities-for-kids\/","url":"https:\/\/thebrando.com\/sports-activities-for-kids\/","name":"Sports et activit\u00e9s - The Brando","isPartOf":{"@id":"https:\/\/thebrando.com\/#website"},"datePublished":"2023-02-04T06:28:03+00:00","dateModified":"2023-02-20T07:52:59+00:00","breadcrumb":{"@id":"https:\/\/thebrando.com\/sports-activities-for-kids\/#breadcrumb"},"inLanguage":"fr-FR","potentialAction":[{"@type":"ReadAction","target":["https:\/\/thebrando.com\/sports-activities-for-kids\/"]}]},{"@type":"BreadcrumbList","@id":"https:\/\/thebrando.com\/sports-activities-for-kids\/#breadcrumb","itemListElement":[{"@type":"ListItem","position":1,"name":"Home","item":"https:\/\/thebrando.com\/"},{"@type":"ListItem","position":2,"name":"Sports &#038; Activities"}]},{"@type":"WebSite","@id":"https:\/\/thebrando.com\/#website","url":"https:\/\/thebrando.com\/","name":"Le Brandon","description":"Resort de luxe en Polyn\u00e9sie fran\u00e7aise","potentialAction":[{"@type":"SearchAction","target":{"@type":"EntryPoint","urlTemplate":"https:\/\/thebrando.com\/?s={search_term_string}"},"query-input":{"@type":"PropertyValueSpecification","valueRequired":true,"valueName":"search_term_string"}}],"inLanguage":"fr-FR"}]}},"featured_image_src":null,"featured_image_src_square":null,"_links":{"self":[{"href":"https:\/\/thebrando.com\/fr\/wp-json\/wp\/v2\/pages\/371","targetHints":{"allow":["GET"]}}],"collection":[{"href":"https:\/\/thebrando.com\/fr\/wp-json\/wp\/v2\/pages"}],"about":[{"href":"https:\/\/thebrando.com\/fr\/wp-json\/wp\/v2\/types\/page"}],"author":[{"embeddable":true,"href":"https:\/\/thebrando.com\/fr\/wp-json\/wp\/v2\/users\/1"}],"replies":[{"embeddable":true,"href":"https:\/\/thebrando.com\/fr\/wp-json\/wp\/v2\/comments?post=371"}],"version-history":[{"count":0,"href":"https:\/\/thebrando.com\/fr\/wp-json\/wp\/v2\/pages\/371\/revisions"}],"wp:attachment":[{"href":"https:\/\/thebrando.com\/fr\/wp-json\/wp\/v2\/media?parent=371"}],"wp:term":[{"taxonomy":"folder","embeddable":true,"href":"https:\/\/thebrando.com\/fr\/wp-json\/wp\/v2\/folder?post=371"}],"curies":[{"name":"wp","href":"https:\/\/api.w.org\/{rel}","templated":true}]}}