{"id":395,"date":"2023-02-04T06:33:52","date_gmt":"2023-02-04T06:33:52","guid":{"rendered":"https:\/\/localhost:10043\/?page_id=395"},"modified":"2026-02-16T23:50:57","modified_gmt":"2026-02-16T23:50:57","slug":"awards","status":"publish","type":"page","link":"https:\/\/thebrando.com\/fr\/awards\/","title":{"rendered":"Prix"},"content":{"rendered":"<section class=\"simple-content-block\" >\n    <div class=\"wrapper\">\n\n                <div class=\"simple-content-wrap\"\n             style=\"max-width:685px; padding-top: 60px; padding-bottom: 60px;\">\n\n            <h3 style=\"text-align: center\">PRIX<\/h3>\r\n<h2 style=\"text-align: center\">R\u00e9alisations et distinctions<\/h2>\r\n<p style=\"text-align: center\">Le Brando est honor\u00e9 d&#039;avoir re\u00e7u les prix suivants pour son travail au sein de l&#039;industrie h\u00f4teli\u00e8re. Nous sommes reconnaissants de cette reconnaissance et cela nous incite \u00e0 poursuivre notre travail de pionnier.<\/p>\n        <\/div>\n\n    <\/div>\n\n<\/section>\n\n<section class=\"flex-grid-content-block awards\" >\n    <div class=\"wrapper\">\n\n        <div class=\"flex_container flex_three\">\n\n            \n        <\/div>\n    <\/div>\n\n<\/section>\n\n\n\n<section class=\"keep-exploring-block\">\n    <div class=\"wrapper small\">\n        <h2 class=\"hero\">D\u00e9couvrir plus<\/h2>\n            <div class=\"explore-slider\">\n\n                  \n                                        <div class=\"article\">\n\n                            <div class=\"explore-img\">\n                                <a href=\"https:\/\/thebrando.com\/fr\/privacy-policy\/\">\n                                    <img decoding=\"async\" src=\"\" \/>\n                                <\/a>\n                            <\/div>\n\n                            <h2>politique de confidentialit\u00e9<\/h2>\n                            <p>Date de derni\u00e8re r\u00e9vision : 26 septembre 2024 Pr\u00e9ambule Le site internet \" https:\/\/thebrando.com\/ \" (ci-apr\u00e8s le \" Site internet \") est exploit\u00e9 par The Brando resort (ci-apr\u00e8s \" nous \"), dont le si\u00e8ge social est situ\u00e9 \u00e0 Teti'aroa Private Island, Arue Tahiti, P.O. Box 6014 Faa'a, 98702 Tahiti, Polyn\u00e9sie fran\u00e7aise. La pr\u00e9sente politique (ci-apr\u00e8s la \"Politique\") d\u00e9finit la mani\u00e8re dont nous traitons les informations que nous [...]<\/p>\n                            <a href=\"https:\/\/thebrando.com\/fr\/privacy-policy\/\">D\u00e9couvrir plus<\/a>\n\n                        <\/div>\n                                                <div class=\"article\">\n\n                            <div class=\"explore-img\">\n                                <a href=\"https:\/\/thebrando.com\/fr\/\">\n                                    <img decoding=\"async\" src=\"https:\/\/thebrando.com\/wp-content\/uploads\/2023\/01\/Brando-IG08-high-1.png\" \/>\n                                <\/a>\n                            <\/div>\n\n                            <h2>Maison<\/h2>\n                            <p>Baign\u00e9 dans un splendide lagon turquoise, l\u2019atoll de Tetiaroa est compos\u00e9 de douze motu, des <\/br>\u00eelots coralliens affleurant \u00e0 la surface de l\u2019oc\u00e9an.<\/br>Prot\u00e9g\u00e9 par le r\u00e9cif, Tetiaora appara\u00eet comme un \u00e9den pr\u00e9serv\u00e9, \u00e9mergeant dans l\u2019immensit\u00e9 du Pacifique Sud.<\/p>\n                            <a href=\"https:\/\/thebrando.com\/fr\/\">D\u00e9couvrir plus<\/a>\n\n                        <\/div>\n                                                <div class=\"article\">\n\n                            <div class=\"explore-img\">\n                                <a href=\"https:\/\/thebrando.com\/fr\/tetiaroa-atoll\/\">\n                                    <img decoding=\"async\" src=\"\" \/>\n                                <\/a>\n                            <\/div>\n\n                            <h2>Atoll de Tetiaroa<\/h2>\n                            <p>Les Mutines est un restaurant sp\u00e9cial et sophistiqu\u00e9, mais tout \u00e0 fait d\u00e9contract\u00e9, comme la cuisine fran\u00e7aise est cens\u00e9e \u00eatre appr\u00e9ci\u00e9e \u00e0 Tetiaroa. Le d\u00eener se d\u00e9roule en douceur et passe subtilement d'un plat \u00e0 l'autre.<\/p>\n                            <a href=\"https:\/\/thebrando.com\/fr\/tetiaroa-atoll\/\">D\u00e9couvrir plus<\/a>\n\n                        <\/div>\n                                                <div class=\"article\">\n\n                            <div class=\"explore-img\">\n                                <a href=\"https:\/\/thebrando.com\/fr\/impact\/\">\n                                    <img decoding=\"async\" src=\"\" \/>\n                                <\/a>\n                            <\/div>\n\n                            <h2>Impact<\/h2>\n                            <p><\/p>\n                            <a href=\"https:\/\/thebrando.com\/fr\/impact\/\">D\u00e9couvrir plus<\/a>\n\n                        <\/div>\n                                                <div class=\"article\">\n\n                            <div class=\"explore-img\">\n                                <a href=\"https:\/\/thebrando.com\/fr\/spa-wellness\/\">\n                                    <img decoding=\"async\" src=\"https:\/\/thebrando.com\/wp-content\/uploads\/2023\/02\/Brando_Spa-465.jpg\" \/>\n                                <\/a>\n                            <\/div>\n\n                            <h2>Spa &amp; Bien-\u00eatre<\/h2>\n                            <p>Le spa polyn\u00e9sien Varua Te Ora est un havre de paix de 2000 m2 d\u00e9di\u00e9 au bien-\u00eatre au c\u0153ur d\u2019une v\u00e9g\u00e9tation dense. Cette oasis cach\u00e9e se d\u00e9couvre au fil de sentiers qui serpentent entre les plantes tropicales, conduisant \u00e0 des espaces d\u00e9di\u00e9s \u00e0 la relaxation, \u00e0 la m\u00e9ditation et au soin.<\/p>\n                            <a href=\"https:\/\/thebrando.com\/fr\/spa-wellness\/\">D\u00e9couvrir plus<\/a>\n\n                        <\/div>\n                                                <div class=\"article\">\n\n                            <div class=\"explore-img\">\n                                <a href=\"https:\/\/thebrando.com\/fr\/dining\/\">\n                                    <img decoding=\"async\" src=\"https:\/\/thebrando.com\/wp-content\/uploads\/2023\/02\/dining-updated.png\" \/>\n                                <\/a>\n                            <\/div>\n\n                            <h2>Gastronomie<\/h2>\n                            <p>De nouvelles exp\u00e9riences culinaires s'offrent \u00e0 vous avec un style culinaire caract\u00e9ristique de la restauration du complexe, une fusion de saveurs polyn\u00e9siennes et de techniques fran\u00e7aises classiques.<\/p>\n                            <a href=\"https:\/\/thebrando.com\/fr\/dining\/\">D\u00e9couvrir plus<\/a>\n\n                        <\/div>\n                                                <div class=\"article\">\n\n                            <div class=\"explore-img\">\n                                <a href=\"https:\/\/thebrando.com\/fr\/accommodations\/\">\n                                    <img decoding=\"async\" src=\"https:\/\/thebrando.com\/wp-content\/uploads\/2023\/02\/DSC09002-Edit-scaled-e1676613977510.jpg\" \/>\n                                <\/a>\n                            <\/div>\n\n                            <h2>H\u00e9bergement<\/h2>\n                            <p>R\u00e9parties sur le motu Onetahi et en retrait de la plage, 35 villas priv\u00e9es et une r\u00e9sidence constituent une retraite au sein de ce sanctuaire appel\u00e9 Tetiaroa....<\/p>\n                            <a href=\"https:\/\/thebrando.com\/fr\/accommodations\/\">D\u00e9couvrir plus<\/a>\n\n                        <\/div>\n                                                <div class=\"article\">\n\n                            <div class=\"explore-img\">\n                                <a href=\"https:\/\/thebrando.com\/fr\/the-atoll\/\">\n                                    <img decoding=\"async\" src=\"https:\/\/thebrando.com\/wp-content\/uploads\/2023\/02\/Aerial_DSC0094-resample-scaled-e1676446341955.jpg\" \/>\n                                <\/a>\n                            <\/div>\n\n                            <h2>L&#039;Atoll<\/h2>\n                            <p>L'atoll de Tetiaroa est un sanctuaire unique port\u00e9 par une nature exceptionnelle, un h\u00e9ritage culturel polyn\u00e9sien et une h\u00f4tellerie haut de gamme. Sous la conduite attentive de Tetiaroa Society, le resort et Brando Family Trust ont pris l\u2019engagement collectif de prot\u00e9ger ce havre de paix au c\u0153ur du Pacifique, en pr\u00e9servant son h\u00e9ritage pour les g\u00e9n\u00e9rations futures.<\/p>\n                            <a href=\"https:\/\/thebrando.com\/fr\/the-atoll\/\">D\u00e9couvrir plus<\/a>\n\n                        <\/div>\n                                                <div class=\"article\">\n\n                            <div class=\"explore-img\">\n                                <a href=\"https:\/\/thebrando.com\/fr\/experiences\/\">\n                                    <img decoding=\"async\" src=\"https:\/\/thebrando.com\/wp-content\/uploads\/2023\/02\/Brando_Paddle-028.jpg\" \/>\n                                <\/a>\n                            <\/div>\n\n                            <h2>Exp\u00e9riences<\/h2>\n                            <p>\u00c9cosyst\u00e8me unique, l'atoll de Tetiaroa est un joyau naturel qui invite \u00e0 l\u2019exploration. Des excursions en kayak jusqu\u2019aux confins de l'atoll aux exp\u00e9ditions de plong\u00e9e sous-marines en passant par les ateliers de tressage de palmes de cocotiers, une multitude d\u2019exp\u00e9riences sont propos\u00e9es.<\/p>\n                            <a href=\"https:\/\/thebrando.com\/fr\/experiences\/\">D\u00e9couvrir plus<\/a>\n\n                        <\/div>\n                                                <div class=\"article\">\n\n                            <div class=\"explore-img\">\n                                <a href=\"https:\/\/thebrando.com\/fr\/guided-excursions\/\">\n                                    <img decoding=\"async\" src=\"\" \/>\n                                <\/a>\n                            <\/div>\n\n                            <h2>Excursions guid\u00e9es<\/h2>\n                            <p><\/p>\n                            <a href=\"https:\/\/thebrando.com\/fr\/guided-excursions\/\">D\u00e9couvrir plus<\/a>\n\n                        <\/div>\n                                                <div class=\"article\">\n\n                            <div class=\"explore-img\">\n                                <a href=\"https:\/\/thebrando.com\/fr\/private-expeditions\/\">\n                                    <img decoding=\"async\" src=\"\" \/>\n                                <\/a>\n                            <\/div>\n\n                            <h2>Exp\u00e9ditions priv\u00e9es<\/h2>\n                            <p><\/p>\n                            <a href=\"https:\/\/thebrando.com\/fr\/private-expeditions\/\">D\u00e9couvrir plus<\/a>\n\n                        <\/div>\n                                                <div class=\"article\">\n\n                            <div class=\"explore-img\">\n                                <a href=\"https:\/\/thebrando.com\/fr\/polynesian-art-culture\/\">\n                                    <img decoding=\"async\" src=\"\" \/>\n                                <\/a>\n                            <\/div>\n\n                            <h2>Art et culture<\/h2>\n                            <p><\/p>\n                            <a href=\"https:\/\/thebrando.com\/fr\/polynesian-art-culture\/\">D\u00e9couvrir plus<\/a>\n\n                        <\/div>\n                                                <div class=\"article\">\n\n                            <div class=\"explore-img\">\n                                <a href=\"https:\/\/thebrando.com\/fr\/custom-experiences\/\">\n                                    <img decoding=\"async\" src=\"\" \/>\n                                <\/a>\n                            <\/div>\n\n                            <h2>exp\u00e9riences sur mesure<\/h2>\n                            <p><\/p>\n                            <a href=\"https:\/\/thebrando.com\/fr\/custom-experiences\/\">D\u00e9couvrir plus<\/a>\n\n                        <\/div>\n                                                <div class=\"article\">\n\n                            <div class=\"explore-img\">\n                                <a href=\"https:\/\/thebrando.com\/fr\/sports-activities-for-kids\/\">\n                                    <img decoding=\"async\" src=\"\" \/>\n                                <\/a>\n                            <\/div>\n\n                            <h2>Sports et activit\u00e9s<\/h2>\n                            <p><\/p>\n                            <a href=\"https:\/\/thebrando.com\/fr\/sports-activities-for-kids\/\">D\u00e9couvrir plus<\/a>\n\n                        <\/div>\n                                                <div class=\"article\">\n\n                            <div class=\"explore-img\">\n                                <a href=\"https:\/\/thebrando.com\/fr\/sustainability\/\">\n                                    <img decoding=\"async\" src=\"\" \/>\n                                <\/a>\n                            <\/div>\n\n                            <h2>Durabilit\u00e9<\/h2>\n                            <p><\/p>\n                            <a href=\"https:\/\/thebrando.com\/fr\/sustainability\/\">D\u00e9couvrir plus<\/a>\n\n                        <\/div>\n                                                <div class=\"article\">\n\n                            <div class=\"explore-img\">\n                                <a href=\"https:\/\/thebrando.com\/fr\/sustainability\/tetiaroa-society\/\">\n                                    <img decoding=\"async\" src=\"https:\/\/thebrando.com\/wp-content\/uploads\/2023\/02\/Brando_Atoll-387.jpg\" \/>\n                                <\/a>\n                            <\/div>\n\n                            <h2>Tetiaroa Society<\/h2>\n                            <p>Inspir\u00e9 par la vision de feu Marlon Brando de pr\u00e9server des sanctuaires pour les g\u00e9n\u00e9rations futures et de sensibiliser \u00e0 la fragilit\u00e9 de notre environnement\u2026<\/p>\n                            <a href=\"https:\/\/thebrando.com\/fr\/sustainability\/tetiaroa-society\/\">D\u00e9couvrir plus<\/a>\n\n                        <\/div>\n                                                <div class=\"article\">\n\n                            <div class=\"explore-img\">\n                                <a href=\"https:\/\/thebrando.com\/fr\/groups-celebrations\/\">\n                                    <img decoding=\"async\" src=\"\" \/>\n                                <\/a>\n                            <\/div>\n\n                            <h2>Ev\u00e9nements priv\u00e9s<\/h2>\n                            <p>Sur Tetiaroa, l'essence de la c\u00e9l\u00e9bration onirique transcende la simple description, en particulier lors des \u00e9v\u00e9nements importants de la vie... <\/p>\n                            <a href=\"https:\/\/thebrando.com\/fr\/groups-celebrations\/\">D\u00e9couvrir plus<\/a>\n\n                        <\/div>\n                                                <div class=\"article\">\n\n                            <div class=\"explore-img\">\n                                <a href=\"https:\/\/thebrando.com\/fr\/location\/\">\n                                    <img decoding=\"async\" src=\"https:\/\/thebrando.com\/wp-content\/uploads\/2023\/02\/15-03-TET-1180-scaled-e1676448684163.jpg\" \/>\n                                <\/a>\n                            <\/div>\n\n                            <h2>Nous trouver<\/h2>\n                            <p>Les vols convergent du monde entier vers l'a\u00e9roport international de Faa'a et conduisent les voyageurs \u00e0 Papeete, Tahiti, o\u00f9 Air Tetiaroa les attend pour les emmener sur un vol panoramique de 20 minutes vers Tetiaroa. <\/p>\n                            <a href=\"https:\/\/thebrando.com\/fr\/location\/\">D\u00e9couvrir plus<\/a>\n\n                        <\/div>\n                                                <div class=\"article\">\n\n                            <div class=\"explore-img\">\n                                <a href=\"https:\/\/thebrando.com\/fr\/shopping\/\">\n                                    <img decoding=\"async\" src=\"https:\/\/thebrando.com\/wp-content\/uploads\/2023\/02\/TheBrando_180718_0873_web\u00a9RomeoBalancourt-4.png\" \/>\n                                <\/a>\n                            <\/div>\n\n                            <h2>SHOPPING<\/h2>\n                            <p>Au Brando, plusieurs boutiques vous attendent : un magasin sp\u00e9cialis\u00e9 dans les perles noires de Tahiti, la boutique du spa proposant une large gamme de soins polyn\u00e9siens et un concept store qui associe art, mode et artisanat, offrant des souvenirs authentiques de Tetiaroa.<\/p>\n                            <a href=\"https:\/\/thebrando.com\/fr\/shopping\/\">D\u00e9couvrir plus<\/a>\n\n                        <\/div>\n                                                <div class=\"article\">\n\n                            <div class=\"explore-img\">\n                                <a href=\"https:\/\/thebrando.com\/fr\/awards\/\">\n                                    <img decoding=\"async\" src=\"\" \/>\n                                <\/a>\n                            <\/div>\n\n                            <h2>Prix<\/h2>\n                            <p><\/p>\n                            <a href=\"https:\/\/thebrando.com\/fr\/awards\/\">D\u00e9couvrir plus<\/a>\n\n                        <\/div>\n                        \n            <\/div>\n    <\/div>\n\n<\/section>\n\n<script>\n    jQuery('.explore-slider').flickity({\n        \/\/ options\n        freeScroll: true,\n        wrapAround: true,\n        pageDots: false,\n        draggable: true,\n        autoPlay: true,\n        groupCells: 2,\n        cellAlign: 'left'\n    });\n<\/script>","protected":false},"excerpt":{"rendered":"","protected":false},"author":1,"featured_media":0,"parent":0,"menu_order":0,"comment_status":"closed","ping_status":"closed","template":"","meta":{"_acf_changed":true,"footnotes":""},"folder":[],"class_list":["post-395","page","type-page","status-publish","hentry"],"acf":[],"yoast_head":"<!-- This site is optimized with the Yoast SEO plugin v27.3 - https:\/\/yoast.com\/product\/yoast-seo-wordpress\/ -->\n<title>Where To Stay In Tahiti | Awards | Best Resort In French Polynesia<\/title>\n<meta name=\"description\" content=\"See why The Brando is where to stay in Tahiti. We&#039;re honored to have received recognition with these awards, and it inspires us to continue our pioneering work.\" \/>\n<meta name=\"robots\" content=\"index, follow, max-snippet:-1, max-image-preview:large, max-video-preview:-1\" \/>\n<link rel=\"canonical\" href=\"https:\/\/thebrando.com\/fr\/awards\/\" \/>\n<meta property=\"og:locale\" content=\"fr_FR\" \/>\n<meta property=\"og:type\" content=\"article\" \/>\n<meta property=\"og:title\" content=\"Where To Stay In Tahiti | Awards | Best Resort In French Polynesia\" \/>\n<meta property=\"og:description\" content=\"See why The Brando is where to stay in Tahiti. We&#039;re honored to have received recognition with these awards, and it inspires us to continue our pioneering work.\" \/>\n<meta property=\"og:url\" content=\"https:\/\/thebrando.com\/fr\/awards\/\" \/>\n<meta property=\"og:site_name\" content=\"The Brando\" \/>\n<meta property=\"article:modified_time\" content=\"2026-02-16T23:50:57+00:00\" \/>\n<meta name=\"twitter:card\" content=\"summary_large_image\" \/>\n<script type=\"application\/ld+json\" class=\"yoast-schema-graph\">{\"@context\":\"https:\\\/\\\/schema.org\",\"@graph\":[{\"@type\":\"WebPage\",\"@id\":\"https:\\\/\\\/thebrando.com\\\/awards\\\/\",\"url\":\"https:\\\/\\\/thebrando.com\\\/awards\\\/\",\"name\":\"Where To Stay In Tahiti | Awards | Best Resort In French Polynesia\",\"isPartOf\":{\"@id\":\"https:\\\/\\\/thebrando.com\\\/#website\"},\"datePublished\":\"2023-02-04T06:33:52+00:00\",\"dateModified\":\"2026-02-16T23:50:57+00:00\",\"description\":\"See why The Brando is where to stay in Tahiti. We're honored to have received recognition with these awards, and it inspires us to continue our pioneering work.\",\"breadcrumb\":{\"@id\":\"https:\\\/\\\/thebrando.com\\\/awards\\\/#breadcrumb\"},\"inLanguage\":\"fr-FR\",\"potentialAction\":[{\"@type\":\"ReadAction\",\"target\":[\"https:\\\/\\\/thebrando.com\\\/awards\\\/\"]}]},{\"@type\":\"BreadcrumbList\",\"@id\":\"https:\\\/\\\/thebrando.com\\\/awards\\\/#breadcrumb\",\"itemListElement\":[{\"@type\":\"ListItem\",\"position\":1,\"name\":\"Home\",\"item\":\"https:\\\/\\\/thebrando.com\\\/\"},{\"@type\":\"ListItem\",\"position\":2,\"name\":\"Awards\"}]},{\"@type\":\"WebSite\",\"@id\":\"https:\\\/\\\/thebrando.com\\\/#website\",\"url\":\"https:\\\/\\\/thebrando.com\\\/\",\"name\":\"The Brando\",\"description\":\"Luxury Resort in French Polynesia\",\"potentialAction\":[{\"@type\":\"SearchAction\",\"target\":{\"@type\":\"EntryPoint\",\"urlTemplate\":\"https:\\\/\\\/thebrando.com\\\/?s={search_term_string}\"},\"query-input\":{\"@type\":\"PropertyValueSpecification\",\"valueRequired\":true,\"valueName\":\"search_term_string\"}}],\"inLanguage\":\"fr-FR\"}]}<\/script>\n<!-- \/ Yoast SEO plugin. -->","yoast_head_json":{"title":"O\u00f9 s\u00e9journer \u00e0 Tahiti | Prix | Meilleur complexe h\u00f4telier de Polyn\u00e9sie fran\u00e7aise","description":"D\u00e9couvrez pourquoi le Brando est l'endroit o\u00f9 s\u00e9journer \u00e0 Tahiti. Nous sommes honor\u00e9s d'avoir \u00e9t\u00e9 r\u00e9compens\u00e9s par ces prix, qui nous incitent \u00e0 poursuivre notre travail de pionnier.","robots":{"index":"index","follow":"follow","max-snippet":"max-snippet:-1","max-image-preview":"max-image-preview:large","max-video-preview":"max-video-preview:-1"},"canonical":"https:\/\/thebrando.com\/fr\/awards\/","og_locale":"fr_FR","og_type":"article","og_title":"Where To Stay In Tahiti | Awards | Best Resort In French Polynesia","og_description":"See why The Brando is where to stay in Tahiti. We're honored to have received recognition with these awards, and it inspires us to continue our pioneering work.","og_url":"https:\/\/thebrando.com\/fr\/awards\/","og_site_name":"The Brando","article_modified_time":"2026-02-16T23:50:57+00:00","twitter_card":"summary_large_image","schema":{"@context":"https:\/\/schema.org","@graph":[{"@type":"WebPage","@id":"https:\/\/thebrando.com\/awards\/","url":"https:\/\/thebrando.com\/awards\/","name":"O\u00f9 s\u00e9journer \u00e0 Tahiti | Prix | Meilleur complexe h\u00f4telier de Polyn\u00e9sie fran\u00e7aise","isPartOf":{"@id":"https:\/\/thebrando.com\/#website"},"datePublished":"2023-02-04T06:33:52+00:00","dateModified":"2026-02-16T23:50:57+00:00","description":"D\u00e9couvrez pourquoi le Brando est l'endroit o\u00f9 s\u00e9journer \u00e0 Tahiti. Nous sommes honor\u00e9s d'avoir \u00e9t\u00e9 r\u00e9compens\u00e9s par ces prix, qui nous incitent \u00e0 poursuivre notre travail de pionnier.","breadcrumb":{"@id":"https:\/\/thebrando.com\/awards\/#breadcrumb"},"inLanguage":"fr-FR","potentialAction":[{"@type":"ReadAction","target":["https:\/\/thebrando.com\/awards\/"]}]},{"@type":"BreadcrumbList","@id":"https:\/\/thebrando.com\/awards\/#breadcrumb","itemListElement":[{"@type":"ListItem","position":1,"name":"Home","item":"https:\/\/thebrando.com\/"},{"@type":"ListItem","position":2,"name":"Awards"}]},{"@type":"WebSite","@id":"https:\/\/thebrando.com\/#website","url":"https:\/\/thebrando.com\/","name":"Le Brandon","description":"Resort de luxe en Polyn\u00e9sie fran\u00e7aise","potentialAction":[{"@type":"SearchAction","target":{"@type":"EntryPoint","urlTemplate":"https:\/\/thebrando.com\/?s={search_term_string}"},"query-input":{"@type":"PropertyValueSpecification","valueRequired":true,"valueName":"search_term_string"}}],"inLanguage":"fr-FR"}]}},"featured_image_src":null,"featured_image_src_square":null,"_links":{"self":[{"href":"https:\/\/thebrando.com\/fr\/wp-json\/wp\/v2\/pages\/395","targetHints":{"allow":["GET"]}}],"collection":[{"href":"https:\/\/thebrando.com\/fr\/wp-json\/wp\/v2\/pages"}],"about":[{"href":"https:\/\/thebrando.com\/fr\/wp-json\/wp\/v2\/types\/page"}],"author":[{"embeddable":true,"href":"https:\/\/thebrando.com\/fr\/wp-json\/wp\/v2\/users\/1"}],"replies":[{"embeddable":true,"href":"https:\/\/thebrando.com\/fr\/wp-json\/wp\/v2\/comments?post=395"}],"version-history":[{"count":0,"href":"https:\/\/thebrando.com\/fr\/wp-json\/wp\/v2\/pages\/395\/revisions"}],"wp:attachment":[{"href":"https:\/\/thebrando.com\/fr\/wp-json\/wp\/v2\/media?parent=395"}],"wp:term":[{"taxonomy":"folder","embeddable":true,"href":"https:\/\/thebrando.com\/fr\/wp-json\/wp\/v2\/folder?post=395"}],"curies":[{"name":"wp","href":"https:\/\/api.w.org\/{rel}","templated":true}]}}