{"id":397,"date":"2023-02-04T06:34:18","date_gmt":"2023-02-04T06:34:18","guid":{"rendered":"https:\/\/localhost:10043\/?page_id=397"},"modified":"2025-07-04T00:55:37","modified_gmt":"2025-07-04T00:55:37","slug":"careers","status":"publish","type":"page","link":"https:\/\/thebrando.com\/fr\/careers\/","title":{"rendered":"RECRUTEMENT"},"content":{"rendered":"<section class=\"single-image-block\">\n        \n    <img decoding=\"async\" src=\"\" alt=\"\" class=\"animate-me\" \/>\n        \n<\/section>\n\n<section class=\"simple-content-block careers\" >\n    <div class=\"wrapper\">\n\n                <div class=\"simple-content-wrap\"\n             style=\"max-width:700px; padding-top: 60px; padding-bottom: 60px;\">\n\n            <h3 style=\"text-align: center\">Carri\u00e8res au Brando<\/h3>\r\n<h2 style=\"text-align: center\">Vous \u00eates passionn\u00e9 par la Polyn\u00e9sie ?<\/h2>\r\n<p style=\"text-align: center\">Si vous souhaitez faire partie de l'\u00e9quipe du Brando:<\/p>\r\n<p style=\"text-align: center\" class=\"translation-block\">D\u00e9couvrez tous nos postes \u00e0 pourvoir actuellement sur le site<br><a href=\"https:\/\/www.jobstaffhotel.com\/the-brando\" target=\"_self\">JobStaffHotel<\/a><\/p>\r\n<p style=\"text-align: center\" class=\"translation-block\">Restez inform\u00e9 de nos derni\u00e8res offres d'emploi sur notre page<br> <a href=\"https:\/\/www.linkedin.com\/company\/the-brando\/?trk=top_nav_home\" target=\"_self\">LinkedIn<\/a><\/p>\r\n<p style=\"text-align: center\">Contactez notre d\u00e9partement des Ressources Humaines\r\n<a href=\"mailto:career@thebrando.com\">career@thebrando.com<\/a><\/p>\r\n<p style=\"text-align: center\">Envoyez un e-mail au Varua Polynesian Spa pour conna\u00eetre les postes disponibles\r\n<a href=\"mailto:varuapolynesianspa@thebrando.com\">varuapolynesianspa@thebrando.com<\/a><\/p>\n        <\/div>\n\n    <\/div>\n\n<\/section>","protected":false},"excerpt":{"rendered":"<p>Vous avez une passion pour la Polyn\u00e9sie ? Souhaitez-vous faire partie de l\u2019\u00e9quipe du Brando Resort\u00a0?<\/p>","protected":false},"author":1,"featured_media":1045,"parent":0,"menu_order":0,"comment_status":"closed","ping_status":"closed","template":"","meta":{"_acf_changed":true,"footnotes":""},"folder":[],"class_list":["post-397","page","type-page","status-publish","has-post-thumbnail","hentry"],"acf":[],"yoast_head":"<!-- This site is optimized with the Yoast SEO plugin v27.3 - https:\/\/yoast.com\/product\/yoast-seo-wordpress\/ -->\n<title>Jobs In Tahiti French Polynesia | The Brando Resort Careers<\/title>\n<meta name=\"description\" content=\"Interested in a becoming part of the team at The Brando resort? View more information on our jobs in Tahiti, French Polynesia and start your journey with us.\" \/>\n<meta name=\"robots\" content=\"index, follow, max-snippet:-1, max-image-preview:large, max-video-preview:-1\" \/>\n<link rel=\"canonical\" href=\"https:\/\/thebrando.com\/fr\/careers\/\" \/>\n<meta property=\"og:locale\" content=\"fr_FR\" \/>\n<meta property=\"og:type\" content=\"article\" \/>\n<meta property=\"og:title\" content=\"Jobs In Tahiti French Polynesia | The Brando Resort Careers\" \/>\n<meta property=\"og:description\" content=\"Interested in a becoming part of the team at The Brando resort? View more information on our jobs in Tahiti, French Polynesia and start your journey with us.\" \/>\n<meta property=\"og:url\" content=\"https:\/\/thebrando.com\/fr\/careers\/\" \/>\n<meta property=\"og:site_name\" content=\"The Brando\" \/>\n<meta property=\"article:modified_time\" content=\"2025-07-04T00:55:37+00:00\" \/>\n<meta property=\"og:image\" content=\"https:\/\/thebrando.com\/wp-content\/uploads\/2023\/02\/Careers-header-1024x509.png\" \/>\n\t<meta property=\"og:image:width\" content=\"1024\" \/>\n\t<meta property=\"og:image:height\" content=\"509\" \/>\n\t<meta property=\"og:image:type\" content=\"image\/png\" \/>\n<meta name=\"twitter:card\" content=\"summary_large_image\" \/>\n<meta name=\"twitter:label1\" content=\"Dur\u00e9e de lecture estim\u00e9e\" \/>\n\t<meta name=\"twitter:data1\" content=\"1 minute\" \/>\n<script type=\"application\/ld+json\" class=\"yoast-schema-graph\">{\"@context\":\"https:\\\/\\\/schema.org\",\"@graph\":[{\"@type\":\"WebPage\",\"@id\":\"https:\\\/\\\/thebrando.com\\\/careers\\\/\",\"url\":\"https:\\\/\\\/thebrando.com\\\/careers\\\/\",\"name\":\"Jobs In Tahiti French Polynesia | The Brando Resort Careers\",\"isPartOf\":{\"@id\":\"https:\\\/\\\/thebrando.com\\\/#website\"},\"primaryImageOfPage\":{\"@id\":\"https:\\\/\\\/thebrando.com\\\/careers\\\/#primaryimage\"},\"image\":{\"@id\":\"https:\\\/\\\/thebrando.com\\\/careers\\\/#primaryimage\"},\"thumbnailUrl\":\"https:\\\/\\\/thebrando.com\\\/wp-content\\\/uploads\\\/2023\\\/02\\\/Careers-header.png\",\"datePublished\":\"2023-02-04T06:34:18+00:00\",\"dateModified\":\"2025-07-04T00:55:37+00:00\",\"description\":\"Interested in a becoming part of the team at The Brando resort? View more information on our jobs in Tahiti, French Polynesia and start your journey with us.\",\"breadcrumb\":{\"@id\":\"https:\\\/\\\/thebrando.com\\\/careers\\\/#breadcrumb\"},\"inLanguage\":\"fr-FR\",\"potentialAction\":[{\"@type\":\"ReadAction\",\"target\":[\"https:\\\/\\\/thebrando.com\\\/careers\\\/\"]}]},{\"@type\":\"ImageObject\",\"inLanguage\":\"fr-FR\",\"@id\":\"https:\\\/\\\/thebrando.com\\\/careers\\\/#primaryimage\",\"url\":\"https:\\\/\\\/thebrando.com\\\/wp-content\\\/uploads\\\/2023\\\/02\\\/Careers-header.png\",\"contentUrl\":\"https:\\\/\\\/thebrando.com\\\/wp-content\\\/uploads\\\/2023\\\/02\\\/Careers-header.png\",\"width\":3838,\"height\":1908,\"caption\":\"Birds eye view of a man carrying a round tray of food to the entrance of a private French Polynesian villa\"},{\"@type\":\"BreadcrumbList\",\"@id\":\"https:\\\/\\\/thebrando.com\\\/careers\\\/#breadcrumb\",\"itemListElement\":[{\"@type\":\"ListItem\",\"position\":1,\"name\":\"Home\",\"item\":\"https:\\\/\\\/thebrando.com\\\/\"},{\"@type\":\"ListItem\",\"position\":2,\"name\":\"Careers\"}]},{\"@type\":\"WebSite\",\"@id\":\"https:\\\/\\\/thebrando.com\\\/#website\",\"url\":\"https:\\\/\\\/thebrando.com\\\/\",\"name\":\"The Brando\",\"description\":\"Luxury Resort in French Polynesia\",\"potentialAction\":[{\"@type\":\"SearchAction\",\"target\":{\"@type\":\"EntryPoint\",\"urlTemplate\":\"https:\\\/\\\/thebrando.com\\\/?s={search_term_string}\"},\"query-input\":{\"@type\":\"PropertyValueSpecification\",\"valueRequired\":true,\"valueName\":\"search_term_string\"}}],\"inLanguage\":\"fr-FR\"}]}<\/script>\n<!-- \/ Yoast SEO plugin. -->","yoast_head_json":{"title":"Jobs In Tahiti French Polynesia | The Brando Resort Careers","description":"Interested in a becoming part of the team at The Brando resort? View more information on our jobs in Tahiti, French Polynesia and start your journey with us.","robots":{"index":"index","follow":"follow","max-snippet":"max-snippet:-1","max-image-preview":"max-image-preview:large","max-video-preview":"max-video-preview:-1"},"canonical":"https:\/\/thebrando.com\/fr\/careers\/","og_locale":"fr_FR","og_type":"article","og_title":"Jobs In Tahiti French Polynesia | The Brando Resort Careers","og_description":"Interested in a becoming part of the team at The Brando resort? View more information on our jobs in Tahiti, French Polynesia and start your journey with us.","og_url":"https:\/\/thebrando.com\/fr\/careers\/","og_site_name":"The Brando","article_modified_time":"2025-07-04T00:55:37+00:00","og_image":[{"width":1024,"height":509,"url":"https:\/\/thebrando.com\/wp-content\/uploads\/2023\/02\/Careers-header-1024x509.png","type":"image\/png"}],"twitter_card":"summary_large_image","twitter_misc":{"Dur\u00e9e de lecture estim\u00e9e":"1 minute"},"schema":{"@context":"https:\/\/schema.org","@graph":[{"@type":"WebPage","@id":"https:\/\/thebrando.com\/careers\/","url":"https:\/\/thebrando.com\/careers\/","name":"Jobs In Tahiti French Polynesia | The Brando Resort Careers","isPartOf":{"@id":"https:\/\/thebrando.com\/#website"},"primaryImageOfPage":{"@id":"https:\/\/thebrando.com\/careers\/#primaryimage"},"image":{"@id":"https:\/\/thebrando.com\/careers\/#primaryimage"},"thumbnailUrl":"https:\/\/thebrando.com\/wp-content\/uploads\/2023\/02\/Careers-header.png","datePublished":"2023-02-04T06:34:18+00:00","dateModified":"2025-07-04T00:55:37+00:00","description":"Interested in a becoming part of the team at The Brando resort? View more information on our jobs in Tahiti, French Polynesia and start your journey with us.","breadcrumb":{"@id":"https:\/\/thebrando.com\/careers\/#breadcrumb"},"inLanguage":"fr-FR","potentialAction":[{"@type":"ReadAction","target":["https:\/\/thebrando.com\/careers\/"]}]},{"@type":"ImageObject","inLanguage":"fr-FR","@id":"https:\/\/thebrando.com\/careers\/#primaryimage","url":"https:\/\/thebrando.com\/wp-content\/uploads\/2023\/02\/Careers-header.png","contentUrl":"https:\/\/thebrando.com\/wp-content\/uploads\/2023\/02\/Careers-header.png","width":3838,"height":1908,"caption":"Birds eye view of a man carrying a round tray of food to the entrance of a private French Polynesian villa"},{"@type":"BreadcrumbList","@id":"https:\/\/thebrando.com\/careers\/#breadcrumb","itemListElement":[{"@type":"ListItem","position":1,"name":"Home","item":"https:\/\/thebrando.com\/"},{"@type":"ListItem","position":2,"name":"Careers"}]},{"@type":"WebSite","@id":"https:\/\/thebrando.com\/#website","url":"https:\/\/thebrando.com\/","name":"Le Brandon","description":"Resort de luxe en Polyn\u00e9sie fran\u00e7aise","potentialAction":[{"@type":"SearchAction","target":{"@type":"EntryPoint","urlTemplate":"https:\/\/thebrando.com\/?s={search_term_string}"},"query-input":{"@type":"PropertyValueSpecification","valueRequired":true,"valueName":"search_term_string"}}],"inLanguage":"fr-FR"}]}},"featured_image_src":"https:\/\/thebrando.com\/wp-content\/uploads\/2023\/02\/Careers-header-600x400.png","featured_image_src_square":"https:\/\/thebrando.com\/wp-content\/uploads\/2023\/02\/Careers-header-600x600.png","_links":{"self":[{"href":"https:\/\/thebrando.com\/fr\/wp-json\/wp\/v2\/pages\/397","targetHints":{"allow":["GET"]}}],"collection":[{"href":"https:\/\/thebrando.com\/fr\/wp-json\/wp\/v2\/pages"}],"about":[{"href":"https:\/\/thebrando.com\/fr\/wp-json\/wp\/v2\/types\/page"}],"author":[{"embeddable":true,"href":"https:\/\/thebrando.com\/fr\/wp-json\/wp\/v2\/users\/1"}],"replies":[{"embeddable":true,"href":"https:\/\/thebrando.com\/fr\/wp-json\/wp\/v2\/comments?post=397"}],"version-history":[{"count":0,"href":"https:\/\/thebrando.com\/fr\/wp-json\/wp\/v2\/pages\/397\/revisions"}],"wp:featuredmedia":[{"embeddable":true,"href":"https:\/\/thebrando.com\/fr\/wp-json\/wp\/v2\/media\/1045"}],"wp:attachment":[{"href":"https:\/\/thebrando.com\/fr\/wp-json\/wp\/v2\/media?parent=397"}],"wp:term":[{"taxonomy":"folder","embeddable":true,"href":"https:\/\/thebrando.com\/fr\/wp-json\/wp\/v2\/folder?post=397"}],"curies":[{"name":"wp","href":"https:\/\/api.w.org\/{rel}","templated":true}]}}