{"id":405,"date":"2023-02-04T06:35:13","date_gmt":"2023-02-04T06:35:13","guid":{"rendered":"https:\/\/localhost:10043\/?page_id=405"},"modified":"2025-09-22T22:08:45","modified_gmt":"2025-09-22T22:08:45","slug":"contact","status":"publish","type":"page","link":"https:\/\/thebrando.com\/fr\/contact\/","title":{"rendered":"Contact"},"content":{"rendered":"<section class=\"single-image-block\">\n        \n    <img decoding=\"async\" src=\"\" alt=\"\" class=\"animate-me\" \/>\n        \n<\/section>\n\n\n<div class=\"wp-block-eds-animate-it-block eds-animate-block-save\"><div class=\"eds-animate animated edsanimate-sis-hidden\" data-eds-entry-animation=\"fadeInUp\" data-eds-entry-delay=\"0\" data-eds-entry-duration=\"1.5\" data-eds-entry-timing=\"ease-in-out\" data-eds-exit-animation=\"\" data-eds-exit-delay=\"0\" data-eds-exit-duration=\"0.5\" data-eds-exit-timing=\"linear\" data-eds-repeat-count=\"1\" data-eds-keep=\"yes\" data-eds-animate-on=\"scroll\" data-eds-scroll-offset=\"30\"><section class=\"simple-content-block\" >\n    <div class=\"wrapper\">\n\n                <div class=\"simple-content-wrap\"\n             style=\"max-width:680px; padding-top: 60px; padding-bottom: 60px;\">\n\n            <h3 style=\"text-align: center\">Contacter Le Brando<\/h3>\r\n<h2 style=\"text-align: center\">Envoyez-nous un Ia Orana<\/h2>\r\n<p style=\"text-align: center\">Notre formule de salutation habituelle, \"Ia Orana\", signifie \"Je vous souhaite une bonne vie\".\r\nSi vous \u00eates rest\u00e9 avec nous, vous faites partie de nous et nous sommes impatients d'avoir de vos nouvelles.<\/p>\r\n<p style=\"text-align: center\">Veuillez contacter le membre de l&#039;\u00e9quipe appropri\u00e9 ci-dessous pour toute question ou pr\u00e9occupation.<\/p>\n        <\/div>\n\n    <\/div>\n\n<\/section><\/div><\/div>\n\n\n\n<div class=\"wp-block-eds-animate-it-block eds-animate-block-save\"><div class=\"eds-animate animated edsanimate-sis-hidden\" data-eds-entry-animation=\"fadeInUp\" data-eds-entry-delay=\"0\" data-eds-entry-duration=\"1.5\" data-eds-entry-timing=\"ease-in-out\" data-eds-exit-animation=\"\" data-eds-exit-delay=\"0\" data-eds-exit-duration=\"0.5\" data-eds-exit-timing=\"linear\" data-eds-repeat-count=\"1\" data-eds-keep=\"yes\" data-eds-animate-on=\"scroll\" data-eds-scroll-offset=\"30\"><section class=\"flex-grid-content-block contact\" >\n    <div class=\"wrapper\">\n\n        <div class=\"flex_container flex_three\">\n\n            \n        <\/div>\n    <\/div>\n\n<\/section>\n\n<\/div><\/div>\n\n\n<section class=\"keep-exploring-block\">\n    <div class=\"wrapper small\">\n        <h2 class=\"hero\">D\u00e9couvrir plus<\/h2>\n            <div class=\"explore-slider\">\n\n                  \n                                        <div class=\"article\">\n\n                            <div class=\"explore-img\">\n                                <a href=\"https:\/\/thebrando.com\/fr\/privacy-policy\/\">\n                                    <img decoding=\"async\" src=\"\" \/>\n                                <\/a>\n                            <\/div>\n\n                            <h2>politique de confidentialit\u00e9<\/h2>\n                            <p>Date de derni\u00e8re r\u00e9vision : 26 septembre 2024 Pr\u00e9ambule Le site internet \" https:\/\/thebrando.com\/ \" (ci-apr\u00e8s le \" Site internet \") est exploit\u00e9 par The Brando resort (ci-apr\u00e8s \" nous \"), dont le si\u00e8ge social est situ\u00e9 \u00e0 Teti'aroa Private Island, Arue Tahiti, P.O. Box 6014 Faa'a, 98702 Tahiti, Polyn\u00e9sie fran\u00e7aise. La pr\u00e9sente politique (ci-apr\u00e8s la \"Politique\") d\u00e9finit la mani\u00e8re dont nous traitons les informations que nous [...]<\/p>\n                            <a href=\"https:\/\/thebrando.com\/fr\/privacy-policy\/\">D\u00e9couvrir plus<\/a>\n\n                        <\/div>\n                                                <div class=\"article\">\n\n                            <div class=\"explore-img\">\n                                <a href=\"https:\/\/thebrando.com\/fr\/\">\n                                    <img decoding=\"async\" src=\"https:\/\/thebrando.com\/wp-content\/uploads\/2023\/01\/Brando-IG08-high-1.png\" \/>\n                                <\/a>\n                            <\/div>\n\n                            <h2>Maison<\/h2>\n                            <p>Baign\u00e9 dans un splendide lagon turquoise, l\u2019atoll de Tetiaroa est compos\u00e9 de douze motu, des <\/br>\u00eelots coralliens affleurant \u00e0 la surface de l\u2019oc\u00e9an.<\/br>Prot\u00e9g\u00e9 par le r\u00e9cif, Tetiaora appara\u00eet comme un \u00e9den pr\u00e9serv\u00e9, \u00e9mergeant dans l\u2019immensit\u00e9 du Pacifique Sud.<\/p>\n                            <a href=\"https:\/\/thebrando.com\/fr\/\">D\u00e9couvrir plus<\/a>\n\n                        <\/div>\n                                                <div class=\"article\">\n\n                            <div class=\"explore-img\">\n                                <a href=\"https:\/\/thebrando.com\/fr\/tetiaroa-atoll\/\">\n                                    <img decoding=\"async\" src=\"\" \/>\n                                <\/a>\n                            <\/div>\n\n                            <h2>Atoll de Tetiaroa<\/h2>\n                            <p>Les Mutines est un restaurant sp\u00e9cial et sophistiqu\u00e9, mais tout \u00e0 fait d\u00e9contract\u00e9, comme la cuisine fran\u00e7aise est cens\u00e9e \u00eatre appr\u00e9ci\u00e9e \u00e0 Tetiaroa. Le d\u00eener se d\u00e9roule en douceur et passe subtilement d'un plat \u00e0 l'autre.<\/p>\n                            <a href=\"https:\/\/thebrando.com\/fr\/tetiaroa-atoll\/\">D\u00e9couvrir plus<\/a>\n\n                        <\/div>\n                                                <div class=\"article\">\n\n                            <div class=\"explore-img\">\n                                <a href=\"https:\/\/thebrando.com\/fr\/impact\/\">\n                                    <img decoding=\"async\" src=\"\" \/>\n                                <\/a>\n                            <\/div>\n\n                            <h2>Impact<\/h2>\n                            <p><\/p>\n                            <a href=\"https:\/\/thebrando.com\/fr\/impact\/\">D\u00e9couvrir plus<\/a>\n\n                        <\/div>\n                                                <div class=\"article\">\n\n                            <div class=\"explore-img\">\n                                <a href=\"https:\/\/thebrando.com\/fr\/spa-wellness\/\">\n                                    <img decoding=\"async\" src=\"https:\/\/thebrando.com\/wp-content\/uploads\/2023\/02\/Brando_Spa-465.jpg\" \/>\n                                <\/a>\n                            <\/div>\n\n                            <h2>Spa &amp; Bien-\u00eatre<\/h2>\n                            <p>Le spa polyn\u00e9sien Varua Te Ora est un havre de paix de 2000 m2 d\u00e9di\u00e9 au bien-\u00eatre au c\u0153ur d\u2019une v\u00e9g\u00e9tation dense. Cette oasis cach\u00e9e se d\u00e9couvre au fil de sentiers qui serpentent entre les plantes tropicales, conduisant \u00e0 des espaces d\u00e9di\u00e9s \u00e0 la relaxation, \u00e0 la m\u00e9ditation et au soin.<\/p>\n                            <a href=\"https:\/\/thebrando.com\/fr\/spa-wellness\/\">D\u00e9couvrir plus<\/a>\n\n                        <\/div>\n                                                <div class=\"article\">\n\n                            <div class=\"explore-img\">\n                                <a href=\"https:\/\/thebrando.com\/fr\/dining\/\">\n                                    <img decoding=\"async\" src=\"https:\/\/thebrando.com\/wp-content\/uploads\/2023\/02\/dining-updated.png\" \/>\n                                <\/a>\n                            <\/div>\n\n                            <h2>Gastronomie<\/h2>\n                            <p>De nouvelles exp\u00e9riences culinaires s'offrent \u00e0 vous avec un style culinaire caract\u00e9ristique de la restauration du complexe, une fusion de saveurs polyn\u00e9siennes et de techniques fran\u00e7aises classiques.<\/p>\n                            <a href=\"https:\/\/thebrando.com\/fr\/dining\/\">D\u00e9couvrir plus<\/a>\n\n                        <\/div>\n                                                <div class=\"article\">\n\n                            <div class=\"explore-img\">\n                                <a href=\"https:\/\/thebrando.com\/fr\/accommodations\/\">\n                                    <img decoding=\"async\" src=\"https:\/\/thebrando.com\/wp-content\/uploads\/2023\/02\/DSC09002-Edit-scaled-e1676613977510.jpg\" \/>\n                                <\/a>\n                            <\/div>\n\n                            <h2>H\u00e9bergement<\/h2>\n                            <p>R\u00e9parties sur le motu Onetahi et en retrait de la plage, 35 villas priv\u00e9es et une r\u00e9sidence constituent une retraite au sein de ce sanctuaire appel\u00e9 Tetiaroa....<\/p>\n                            <a href=\"https:\/\/thebrando.com\/fr\/accommodations\/\">D\u00e9couvrir plus<\/a>\n\n                        <\/div>\n                                                <div class=\"article\">\n\n                            <div class=\"explore-img\">\n                                <a href=\"https:\/\/thebrando.com\/fr\/the-atoll\/\">\n                                    <img decoding=\"async\" src=\"https:\/\/thebrando.com\/wp-content\/uploads\/2023\/02\/Aerial_DSC0094-resample-scaled-e1676446341955.jpg\" \/>\n                                <\/a>\n                            <\/div>\n\n                            <h2>L&#039;Atoll<\/h2>\n                            <p>L'atoll de Tetiaroa est un sanctuaire unique port\u00e9 par une nature exceptionnelle, un h\u00e9ritage culturel polyn\u00e9sien et une h\u00f4tellerie haut de gamme. Sous la conduite attentive de Tetiaroa Society, le resort et Brando Family Trust ont pris l\u2019engagement collectif de prot\u00e9ger ce havre de paix au c\u0153ur du Pacifique, en pr\u00e9servant son h\u00e9ritage pour les g\u00e9n\u00e9rations futures.<\/p>\n                            <a href=\"https:\/\/thebrando.com\/fr\/the-atoll\/\">D\u00e9couvrir plus<\/a>\n\n                        <\/div>\n                                                <div class=\"article\">\n\n                            <div class=\"explore-img\">\n                                <a href=\"https:\/\/thebrando.com\/fr\/experiences\/\">\n                                    <img decoding=\"async\" src=\"https:\/\/thebrando.com\/wp-content\/uploads\/2023\/02\/Brando_Paddle-028.jpg\" \/>\n                                <\/a>\n                            <\/div>\n\n                            <h2>Exp\u00e9riences<\/h2>\n                            <p>\u00c9cosyst\u00e8me unique, l'atoll de Tetiaroa est un joyau naturel qui invite \u00e0 l\u2019exploration. Des excursions en kayak jusqu\u2019aux confins de l'atoll aux exp\u00e9ditions de plong\u00e9e sous-marines en passant par les ateliers de tressage de palmes de cocotiers, une multitude d\u2019exp\u00e9riences sont propos\u00e9es.<\/p>\n                            <a href=\"https:\/\/thebrando.com\/fr\/experiences\/\">D\u00e9couvrir plus<\/a>\n\n                        <\/div>\n                                                <div class=\"article\">\n\n                            <div class=\"explore-img\">\n                                <a href=\"https:\/\/thebrando.com\/fr\/guided-excursions\/\">\n                                    <img decoding=\"async\" src=\"\" \/>\n                                <\/a>\n                            <\/div>\n\n                            <h2>Excursions guid\u00e9es<\/h2>\n                            <p><\/p>\n                            <a href=\"https:\/\/thebrando.com\/fr\/guided-excursions\/\">D\u00e9couvrir plus<\/a>\n\n                        <\/div>\n                                                <div class=\"article\">\n\n                            <div class=\"explore-img\">\n                                <a href=\"https:\/\/thebrando.com\/fr\/private-expeditions\/\">\n                                    <img decoding=\"async\" src=\"\" \/>\n                                <\/a>\n                            <\/div>\n\n                            <h2>Exp\u00e9ditions priv\u00e9es<\/h2>\n                            <p><\/p>\n                            <a href=\"https:\/\/thebrando.com\/fr\/private-expeditions\/\">D\u00e9couvrir plus<\/a>\n\n                        <\/div>\n                                                <div class=\"article\">\n\n                            <div class=\"explore-img\">\n                                <a href=\"https:\/\/thebrando.com\/fr\/polynesian-art-culture\/\">\n                                    <img decoding=\"async\" src=\"\" \/>\n                                <\/a>\n                            <\/div>\n\n                            <h2>Art et culture<\/h2>\n                            <p><\/p>\n                            <a href=\"https:\/\/thebrando.com\/fr\/polynesian-art-culture\/\">D\u00e9couvrir plus<\/a>\n\n                        <\/div>\n                                                <div class=\"article\">\n\n                            <div class=\"explore-img\">\n                                <a href=\"https:\/\/thebrando.com\/fr\/custom-experiences\/\">\n                                    <img decoding=\"async\" src=\"\" \/>\n                                <\/a>\n                            <\/div>\n\n                            <h2>exp\u00e9riences sur mesure<\/h2>\n                            <p><\/p>\n                            <a href=\"https:\/\/thebrando.com\/fr\/custom-experiences\/\">D\u00e9couvrir plus<\/a>\n\n                        <\/div>\n                                                <div class=\"article\">\n\n                            <div class=\"explore-img\">\n                                <a href=\"https:\/\/thebrando.com\/fr\/sports-activities-for-kids\/\">\n                                    <img decoding=\"async\" src=\"\" \/>\n                                <\/a>\n                            <\/div>\n\n                            <h2>Sports et activit\u00e9s<\/h2>\n                            <p><\/p>\n                            <a href=\"https:\/\/thebrando.com\/fr\/sports-activities-for-kids\/\">D\u00e9couvrir plus<\/a>\n\n                        <\/div>\n                                                <div class=\"article\">\n\n                            <div class=\"explore-img\">\n                                <a href=\"https:\/\/thebrando.com\/fr\/sustainability\/\">\n                                    <img decoding=\"async\" src=\"\" \/>\n                                <\/a>\n                            <\/div>\n\n                            <h2>Durabilit\u00e9<\/h2>\n                            <p><\/p>\n                            <a href=\"https:\/\/thebrando.com\/fr\/sustainability\/\">D\u00e9couvrir plus<\/a>\n\n                        <\/div>\n                                                <div class=\"article\">\n\n                            <div class=\"explore-img\">\n                                <a href=\"https:\/\/thebrando.com\/fr\/sustainability\/tetiaroa-society\/\">\n                                    <img decoding=\"async\" src=\"https:\/\/thebrando.com\/wp-content\/uploads\/2023\/02\/Brando_Atoll-387.jpg\" \/>\n                                <\/a>\n                            <\/div>\n\n                            <h2>Tetiaroa Society<\/h2>\n                            <p>Inspir\u00e9 par la vision de feu Marlon Brando de pr\u00e9server des sanctuaires pour les g\u00e9n\u00e9rations futures et de sensibiliser \u00e0 la fragilit\u00e9 de notre environnement\u2026<\/p>\n                            <a href=\"https:\/\/thebrando.com\/fr\/sustainability\/tetiaroa-society\/\">D\u00e9couvrir plus<\/a>\n\n                        <\/div>\n                                                <div class=\"article\">\n\n                            <div class=\"explore-img\">\n                                <a href=\"https:\/\/thebrando.com\/fr\/groups-celebrations\/\">\n                                    <img decoding=\"async\" src=\"\" \/>\n                                <\/a>\n                            <\/div>\n\n                            <h2>Ev\u00e9nements priv\u00e9s<\/h2>\n                            <p>Sur Tetiaroa, l'essence de la c\u00e9l\u00e9bration onirique transcende la simple description, en particulier lors des \u00e9v\u00e9nements importants de la vie... <\/p>\n                            <a href=\"https:\/\/thebrando.com\/fr\/groups-celebrations\/\">D\u00e9couvrir plus<\/a>\n\n                        <\/div>\n                                                <div class=\"article\">\n\n                            <div class=\"explore-img\">\n                                <a href=\"https:\/\/thebrando.com\/fr\/location\/\">\n                                    <img decoding=\"async\" src=\"https:\/\/thebrando.com\/wp-content\/uploads\/2023\/02\/15-03-TET-1180-scaled-e1676448684163.jpg\" \/>\n                                <\/a>\n                            <\/div>\n\n                            <h2>Nous trouver<\/h2>\n                            <p>Les vols convergent du monde entier vers l'a\u00e9roport international de Faa'a et conduisent les voyageurs \u00e0 Papeete, Tahiti, o\u00f9 Air Tetiaroa les attend pour les emmener sur un vol panoramique de 20 minutes vers Tetiaroa. <\/p>\n                            <a href=\"https:\/\/thebrando.com\/fr\/location\/\">D\u00e9couvrir plus<\/a>\n\n                        <\/div>\n                                                <div class=\"article\">\n\n                            <div class=\"explore-img\">\n                                <a href=\"https:\/\/thebrando.com\/fr\/shopping\/\">\n                                    <img decoding=\"async\" src=\"https:\/\/thebrando.com\/wp-content\/uploads\/2023\/02\/TheBrando_180718_0873_web\u00a9RomeoBalancourt-4.png\" \/>\n                                <\/a>\n                            <\/div>\n\n                            <h2>SHOPPING<\/h2>\n                            <p>Au Brando, plusieurs boutiques vous attendent : un magasin sp\u00e9cialis\u00e9 dans les perles noires de Tahiti, la boutique du spa proposant une large gamme de soins polyn\u00e9siens et un concept store qui associe art, mode et artisanat, offrant des souvenirs authentiques de Tetiaroa.<\/p>\n                            <a href=\"https:\/\/thebrando.com\/fr\/shopping\/\">D\u00e9couvrir plus<\/a>\n\n                        <\/div>\n                                                <div class=\"article\">\n\n                            <div class=\"explore-img\">\n                                <a href=\"https:\/\/thebrando.com\/fr\/awards\/\">\n                                    <img decoding=\"async\" src=\"\" \/>\n                                <\/a>\n                            <\/div>\n\n                            <h2>Prix<\/h2>\n                            <p><\/p>\n                            <a href=\"https:\/\/thebrando.com\/fr\/awards\/\">D\u00e9couvrir plus<\/a>\n\n                        <\/div>\n                        \n            <\/div>\n    <\/div>\n\n<\/section>\n\n<script>\n    jQuery('.explore-slider').flickity({\n        \/\/ options\n        freeScroll: true,\n        wrapAround: true,\n        pageDots: false,\n        draggable: true,\n        autoPlay: true,\n        groupCells: 2,\n        cellAlign: 'left'\n    });\n<\/script>\n\n\n\n<div class=\"wp-block-eds-animate-it-block eds-animate-block-save\"><div class=\"eds-animate animated edsanimate-sis-hidden\" data-eds-entry-animation=\"fadeIn\" data-eds-entry-delay=\"0\" data-eds-entry-duration=\"0.5\" data-eds-entry-timing=\"linear\" data-eds-exit-animation=\"\" data-eds-exit-delay=\"0\" data-eds-exit-duration=\"0.5\" data-eds-exit-timing=\"linear\" data-eds-repeat-count=\"1\" data-eds-keep=\"yes\" data-eds-animate-on=\"load\" data-eds-scroll-offset=\"\"><\/div><\/div>","protected":false},"excerpt":{"rendered":"","protected":false},"author":1,"featured_media":0,"parent":0,"menu_order":0,"comment_status":"closed","ping_status":"closed","template":"","meta":{"_acf_changed":true,"footnotes":""},"folder":[],"class_list":["post-405","page","type-page","status-publish","hentry"],"acf":[],"yoast_head":"<!-- This site is optimized with the Yoast SEO plugin v27.3 - https:\/\/yoast.com\/product\/yoast-seo-wordpress\/ -->\n<title>French Polynesia Hotel | Contact The Brando In Tahiti | Tetiaroa Resort<\/title>\n<meta name=\"description\" content=\"If you&#039;ve stayed at our French Polynesia hotel, you\u2019re a part of us. Whether new or returning to The Brando in Tahiti, reach out with questions or comments.\" \/>\n<meta name=\"robots\" content=\"index, follow, max-snippet:-1, max-image-preview:large, max-video-preview:-1\" \/>\n<link rel=\"canonical\" href=\"https:\/\/thebrando.com\/fr\/contact\/\" \/>\n<meta property=\"og:locale\" content=\"fr_FR\" \/>\n<meta property=\"og:type\" content=\"article\" \/>\n<meta property=\"og:title\" content=\"French Polynesia Hotel | Contact The Brando In Tahiti | Tetiaroa Resort\" \/>\n<meta property=\"og:description\" content=\"If you&#039;ve stayed at our French Polynesia hotel, you\u2019re a part of us. Whether new or returning to The Brando in Tahiti, reach out with questions or comments.\" \/>\n<meta property=\"og:url\" content=\"https:\/\/thebrando.com\/fr\/contact\/\" \/>\n<meta property=\"og:site_name\" content=\"The Brando\" \/>\n<meta property=\"article:modified_time\" content=\"2025-09-22T22:08:45+00:00\" \/>\n<meta name=\"twitter:card\" content=\"summary_large_image\" \/>\n<script type=\"application\/ld+json\" class=\"yoast-schema-graph\">{\"@context\":\"https:\\\/\\\/schema.org\",\"@graph\":[{\"@type\":\"WebPage\",\"@id\":\"https:\\\/\\\/thebrando.com\\\/contact\\\/\",\"url\":\"https:\\\/\\\/thebrando.com\\\/contact\\\/\",\"name\":\"French Polynesia Hotel | Contact The Brando In Tahiti | Tetiaroa Resort\",\"isPartOf\":{\"@id\":\"https:\\\/\\\/thebrando.com\\\/#website\"},\"datePublished\":\"2023-02-04T06:35:13+00:00\",\"dateModified\":\"2025-09-22T22:08:45+00:00\",\"description\":\"If you've stayed at our French Polynesia hotel, you\u2019re a part of us. Whether new or returning to The Brando in Tahiti, reach out with questions or comments.\",\"breadcrumb\":{\"@id\":\"https:\\\/\\\/thebrando.com\\\/contact\\\/#breadcrumb\"},\"inLanguage\":\"fr-FR\",\"potentialAction\":[{\"@type\":\"ReadAction\",\"target\":[\"https:\\\/\\\/thebrando.com\\\/contact\\\/\"]}]},{\"@type\":\"BreadcrumbList\",\"@id\":\"https:\\\/\\\/thebrando.com\\\/contact\\\/#breadcrumb\",\"itemListElement\":[{\"@type\":\"ListItem\",\"position\":1,\"name\":\"Home\",\"item\":\"https:\\\/\\\/thebrando.com\\\/\"},{\"@type\":\"ListItem\",\"position\":2,\"name\":\"Contact\"}]},{\"@type\":\"WebSite\",\"@id\":\"https:\\\/\\\/thebrando.com\\\/#website\",\"url\":\"https:\\\/\\\/thebrando.com\\\/\",\"name\":\"The Brando\",\"description\":\"Luxury Resort in French Polynesia\",\"potentialAction\":[{\"@type\":\"SearchAction\",\"target\":{\"@type\":\"EntryPoint\",\"urlTemplate\":\"https:\\\/\\\/thebrando.com\\\/?s={search_term_string}\"},\"query-input\":{\"@type\":\"PropertyValueSpecification\",\"valueRequired\":true,\"valueName\":\"search_term_string\"}}],\"inLanguage\":\"fr-FR\"}]}<\/script>\n<!-- \/ Yoast SEO plugin. -->","yoast_head_json":{"title":"H\u00f4tel Polyn\u00e9sie Fran\u00e7aise | Contacter le Brando \u00e0 Tahiti | Tetiaroa Resort","description":"Si vous avez s\u00e9journ\u00e9 dans notre h\u00f4tel de Polyn\u00e9sie fran\u00e7aise, vous faites partie de nous. Que vous soyez nouveau ou que vous reveniez au Brando \u00e0 Tahiti, n'h\u00e9sitez pas \u00e0 nous contacter pour nous faire part de vos questions ou de vos commentaires.","robots":{"index":"index","follow":"follow","max-snippet":"max-snippet:-1","max-image-preview":"max-image-preview:large","max-video-preview":"max-video-preview:-1"},"canonical":"https:\/\/thebrando.com\/fr\/contact\/","og_locale":"fr_FR","og_type":"article","og_title":"French Polynesia Hotel | Contact The Brando In Tahiti | Tetiaroa Resort","og_description":"If you've stayed at our French Polynesia hotel, you\u2019re a part of us. Whether new or returning to The Brando in Tahiti, reach out with questions or comments.","og_url":"https:\/\/thebrando.com\/fr\/contact\/","og_site_name":"The Brando","article_modified_time":"2025-09-22T22:08:45+00:00","twitter_card":"summary_large_image","schema":{"@context":"https:\/\/schema.org","@graph":[{"@type":"WebPage","@id":"https:\/\/thebrando.com\/contact\/","url":"https:\/\/thebrando.com\/contact\/","name":"H\u00f4tel Polyn\u00e9sie Fran\u00e7aise | Contacter le Brando \u00e0 Tahiti | Tetiaroa Resort","isPartOf":{"@id":"https:\/\/thebrando.com\/#website"},"datePublished":"2023-02-04T06:35:13+00:00","dateModified":"2025-09-22T22:08:45+00:00","description":"Si vous avez s\u00e9journ\u00e9 dans notre h\u00f4tel de Polyn\u00e9sie fran\u00e7aise, vous faites partie de nous. Que vous soyez nouveau ou que vous reveniez au Brando \u00e0 Tahiti, n'h\u00e9sitez pas \u00e0 nous contacter pour nous faire part de vos questions ou de vos commentaires.","breadcrumb":{"@id":"https:\/\/thebrando.com\/contact\/#breadcrumb"},"inLanguage":"fr-FR","potentialAction":[{"@type":"ReadAction","target":["https:\/\/thebrando.com\/contact\/"]}]},{"@type":"BreadcrumbList","@id":"https:\/\/thebrando.com\/contact\/#breadcrumb","itemListElement":[{"@type":"ListItem","position":1,"name":"Home","item":"https:\/\/thebrando.com\/"},{"@type":"ListItem","position":2,"name":"Contact"}]},{"@type":"WebSite","@id":"https:\/\/thebrando.com\/#website","url":"https:\/\/thebrando.com\/","name":"Le Brandon","description":"Resort de luxe en Polyn\u00e9sie fran\u00e7aise","potentialAction":[{"@type":"SearchAction","target":{"@type":"EntryPoint","urlTemplate":"https:\/\/thebrando.com\/?s={search_term_string}"},"query-input":{"@type":"PropertyValueSpecification","valueRequired":true,"valueName":"search_term_string"}}],"inLanguage":"fr-FR"}]}},"featured_image_src":null,"featured_image_src_square":null,"_links":{"self":[{"href":"https:\/\/thebrando.com\/fr\/wp-json\/wp\/v2\/pages\/405","targetHints":{"allow":["GET"]}}],"collection":[{"href":"https:\/\/thebrando.com\/fr\/wp-json\/wp\/v2\/pages"}],"about":[{"href":"https:\/\/thebrando.com\/fr\/wp-json\/wp\/v2\/types\/page"}],"author":[{"embeddable":true,"href":"https:\/\/thebrando.com\/fr\/wp-json\/wp\/v2\/users\/1"}],"replies":[{"embeddable":true,"href":"https:\/\/thebrando.com\/fr\/wp-json\/wp\/v2\/comments?post=405"}],"version-history":[{"count":0,"href":"https:\/\/thebrando.com\/fr\/wp-json\/wp\/v2\/pages\/405\/revisions"}],"wp:attachment":[{"href":"https:\/\/thebrando.com\/fr\/wp-json\/wp\/v2\/media?parent=405"}],"wp:term":[{"taxonomy":"folder","embeddable":true,"href":"https:\/\/thebrando.com\/fr\/wp-json\/wp\/v2\/folder?post=405"}],"curies":[{"name":"wp","href":"https:\/\/api.w.org\/{rel}","templated":true}]}}